{"id":1502,"date":"2023-08-30T18:27:39","date_gmt":"2023-08-30T16:27:39","guid":{"rendered":"https:\/\/artfromthecrypt.com\/index.php\/mon-compte\/"},"modified":"2023-10-16T11:32:32","modified_gmt":"2023-10-16T09:32:32","slug":"mon-compte","status":"publish","type":"page","link":"https:\/\/artfromthecrypt.com\/index.php\/mon-compte\/","title":{"rendered":"Mon compte"},"content":{"rendered":"\t\t<div data-elementor-type=\"wp-page\" data-elementor-id=\"1502\" class=\"elementor elementor-1502\">\n\t\t\t\t\t\t<section class=\"elementor-section elementor-top-section elementor-element elementor-element-a97a12b elementor-section-height-full elementor-section-content-middle elementor-section-stretched elementor-section-boxed elementor-section-height-default elementor-section-items-middle\" data-id=\"a97a12b\" data-element_type=\"section\" data-e-type=\"section\" data-settings=\"{&quot;stretch_section&quot;:&quot;section-stretched&quot;}\">\n\t\t\t\t\t\t<div class=\"elementor-container elementor-column-gap-default\">\n\t\t\t\t\t<div class=\"elementor-column elementor-col-100 elementor-top-column elementor-element elementor-element-7753b4a\" data-id=\"7753b4a\" data-element_type=\"column\" data-e-type=\"column\">\n\t\t\t<div class=\"elementor-widget-wrap elementor-element-populated\">\n\t\t\t\t\t\t<div class=\"elementor-element elementor-element-6a68889 e-transform elementor-widget elementor-widget-image\" data-id=\"6a68889\" data-element_type=\"widget\" data-e-type=\"widget\" data-settings=\"{&quot;_transform_scale_effect&quot;:{&quot;unit&quot;:&quot;px&quot;,&quot;size&quot;:1.9,&quot;sizes&quot;:[]},&quot;_transform_scale_effect_tablet&quot;:{&quot;unit&quot;:&quot;px&quot;,&quot;size&quot;:&quot;&quot;,&quot;sizes&quot;:[]},&quot;_transform_scale_effect_mobile&quot;:{&quot;unit&quot;:&quot;px&quot;,&quot;size&quot;:&quot;&quot;,&quot;sizes&quot;:[]}}\" data-widget_type=\"image.default\">\n\t\t\t\t<div class=\"elementor-widget-container\">\n\t\t\t\t\t\t\t\t\t\t\t\t\t\t\t<img fetchpriority=\"high\" decoding=\"async\" width=\"2560\" height=\"1280\" src=\"https:\/\/artfromthecrypt.com\/wp-content\/uploads\/2023\/10\/fond000-scaled.jpg\" class=\"attachment-full size-full wp-image-1758\" alt=\"\" srcset=\"https:\/\/artfromthecrypt.com\/wp-content\/uploads\/2023\/10\/fond000-scaled.jpg 2560w, https:\/\/artfromthecrypt.com\/wp-content\/uploads\/2023\/10\/fond000-300x150.jpg 300w, https:\/\/artfromthecrypt.com\/wp-content\/uploads\/2023\/10\/fond000-1024x512.jpg 1024w, https:\/\/artfromthecrypt.com\/wp-content\/uploads\/2023\/10\/fond000-768x384.jpg 768w, https:\/\/artfromthecrypt.com\/wp-content\/uploads\/2023\/10\/fond000-1536x768.jpg 1536w, https:\/\/artfromthecrypt.com\/wp-content\/uploads\/2023\/10\/fond000-2048x1024.jpg 2048w, https:\/\/artfromthecrypt.com\/wp-content\/uploads\/2023\/10\/fond000-600x300.jpg 600w\" sizes=\"(max-width: 2560px) 100vw, 2560px\" \/>\t\t\t\t\t\t\t\t\t\t\t\t\t\t\t<\/div>\n\t\t\t\t<\/div>\n\t\t\t\t\t<\/div>\n\t\t<\/div>\n\t\t\t\t\t<\/div>\n\t\t<\/section>\n\t\t\t\t<section class=\"elementor-section elementor-top-section elementor-element elementor-element-665ccd93 elementor-section-boxed elementor-section-height-default elementor-section-height-default\" data-id=\"665ccd93\" data-element_type=\"section\" data-e-type=\"section\">\n\t\t\t\t\t\t<div class=\"elementor-container elementor-column-gap-default\">\n\t\t\t\t\t<div class=\"elementor-column elementor-col-100 elementor-top-column elementor-element elementor-element-48945e15\" data-id=\"48945e15\" data-element_type=\"column\" data-e-type=\"column\">\n\t\t\t<div class=\"elementor-widget-wrap elementor-element-populated\">\n\t\t\t\t\t\t<div class=\"elementor-element elementor-element-59cb3d8f elementor-widget elementor-widget-text-editor\" data-id=\"59cb3d8f\" data-element_type=\"widget\" data-e-type=\"widget\" data-widget_type=\"text-editor.default\">\n\t\t\t\t<div class=\"elementor-widget-container\">\n\t\t\t\t\t\t\t\t\t<div class=\"woocommerce\">\n<div class=\"woocommerce-notices-wrapper\"><\/div>\n<ul class=\"owp-account-links\">\n<li class=\"login\"><a href=\"#\" class=\"owp-account-link current\">Se connecter<\/a><\/li>\n<li class=\"or\">Ou<\/li>\n<li class=\"register\"><a href=\"#\" class=\"owp-account-link\">S\u2019inscrire<\/a><\/li>\n<\/ul>\n<div class=\"u-columns col2-set\" id=\"customer_login\">\n<div class=\"u-column1 col-1\">\n<h2>Se connecter<\/h2>\n<form class=\"woocommerce-form woocommerce-form-login login\" method=\"post\" novalidate>\n<p class=\"woocommerce-form-row woocommerce-form-row--wide form-row form-row-wide\">\n\t\t\t\t<label for=\"username\">Identifiant ou e-mail&nbsp;<span class=\"required\" aria-hidden=\"true\">*<\/span><span class=\"screen-reader-text\">Obligatoire<\/span><\/label><br \/>\n\t\t\t\t<input type=\"text\" class=\"woocommerce-Input woocommerce-Input--text input-text\" name=\"username\" id=\"username\" autocomplete=\"username\" value=\"\" required aria-required=\"true\" \/>\t\t\t<\/p>\n<p class=\"woocommerce-form-row woocommerce-form-row--wide form-row form-row-wide\">\n\t\t\t\t<label for=\"password\">Mot de passe&nbsp;<span class=\"required\" aria-hidden=\"true\">*<\/span><span class=\"screen-reader-text\">Obligatoire<\/span><\/label><br \/>\n\t\t\t\t<input class=\"woocommerce-Input woocommerce-Input--text input-text\" type=\"password\" name=\"password\" id=\"password\" autocomplete=\"current-password\" required aria-required=\"true\" \/>\n\t\t\t<\/p>\n<p class=\"form-row\">\n\t\t\t\t<label class=\"woocommerce-form__label woocommerce-form__label-for-checkbox woocommerce-form-login__rememberme\"><br \/>\n\t\t\t\t\t<input class=\"woocommerce-form__input woocommerce-form__input-checkbox\" name=\"rememberme\" type=\"checkbox\" id=\"rememberme\" value=\"forever\" \/> <span>Se souvenir de moi<\/span><br \/>\n\t\t\t\t<\/label><br \/>\n\t\t\t\t<input type=\"hidden\" id=\"woocommerce-login-nonce\" name=\"woocommerce-login-nonce\" value=\"579ce1631e\" \/><input type=\"hidden\" name=\"_wp_http_referer\" value=\"\/index.php\/wp-json\/wp\/v2\/pages\/1502\" \/>\t\t\t\t<button type=\"submit\" class=\"woocommerce-button button woocommerce-form-login__submit\" name=\"login\" value=\"Se connecter\">Se connecter<\/button>\n\t\t\t<\/p>\n<p class=\"woocommerce-LostPassword lost_password\">\n\t\t\t\t<a href=\"https:\/\/artfromthecrypt.com\/index.php\/mon-compte\/lost-password\/\">Mot de passe perdu\u00a0?<\/a>\n\t\t\t<\/p>\n<\/p><\/form>\n<\/p><\/div>\n<div class=\"u-column2 col-2\">\n<h2>S\u2019inscrire<\/h2>\n<form method=\"post\" class=\"woocommerce-form woocommerce-form-register register\"  >\n<p class=\"woocommerce-form-row woocommerce-form-row--wide form-row form-row-wide\">\n\t\t\t\t<label for=\"reg_email\">Adresse e-mail&nbsp;<span class=\"required\" aria-hidden=\"true\">*<\/span><span class=\"screen-reader-text\">Obligatoire<\/span><\/label><br \/>\n\t\t\t\t<input type=\"email\" class=\"woocommerce-Input woocommerce-Input--text input-text\" name=\"email\" id=\"reg_email\" autocomplete=\"email\" value=\"\" required aria-required=\"true\" \/>\t\t\t<\/p>\n<p class=\"woocommerce-form-row woocommerce-form-row--wide form-row form-row-wide\">\n\t\t\t\t\t<label for=\"reg_password\">Mot de passe&nbsp;<span class=\"required\" aria-hidden=\"true\">*<\/span><span class=\"screen-reader-text\">Obligatoire<\/span><\/label><br \/>\n\t\t\t\t\t<input type=\"password\" class=\"woocommerce-Input woocommerce-Input--text input-text\" name=\"password\" id=\"reg_password\" autocomplete=\"new-password\" required aria-required=\"true\" \/>\n\t\t\t\t<\/p>\n<p>\t\t\t<wc-order-attribution-inputs><\/wc-order-attribution-inputs><\/p>\n<div class=\"woocommerce-privacy-policy-text\">\n<p>Vos donn\u00e9es personnelles seront utilis\u00e9es pour soutenir votre exp\u00e9rience sur ce site Web, pour g\u00e9rer l&rsquo;acc\u00e8s \u00e0 votre compte et \u00e0 d&rsquo;autres fins d\u00e9crites dans notre <a href=\"https:\/\/artfromthecrypt.com\/index.php\/politique-de-confidentialite\/\" class=\"woocommerce-privacy-policy-link\" target=\"_blank\">politique de confidentialit\u00e9<\/a>.<\/p>\n<\/div>\n<p class=\"woocommerce-form-row form-row\">\n\t\t\t\t<input type=\"hidden\" id=\"woocommerce-register-nonce\" name=\"woocommerce-register-nonce\" value=\"5d626d46aa\" \/><input type=\"hidden\" name=\"_wp_http_referer\" value=\"\/index.php\/wp-json\/wp\/v2\/pages\/1502\" \/>\t\t\t\t<button type=\"submit\" class=\"woocommerce-Button woocommerce-button button woocommerce-form-register__submit\" name=\"register\" value=\"S\u2019inscrire\">S\u2019inscrire<\/button>\n\t\t\t<\/p>\n<\/p><\/form>\n<\/p><\/div>\n<\/div>\n<\/div>\n\t\t\t\t\t\t\t\t<\/div>\n\t\t\t\t<\/div>\n\t\t\t\t\t<\/div>\n\t\t<\/div>\n\t\t\t\t\t<\/div>\n\t\t<\/section>\n\t\t\t\t<\/div>\n\t\t","protected":false},"excerpt":{"rendered":"","protected":false},"author":1,"featured_media":0,"parent":0,"menu_order":0,"comment_status":"closed","ping_status":"closed","template":"","meta":{"_uag_custom_page_level_css":"","ocean_post_layout":"","ocean_both_sidebars_style":"","ocean_both_sidebars_content_width":0,"ocean_both_sidebars_sidebars_width":0,"ocean_sidebar":"","ocean_second_sidebar":"","ocean_disable_margins":"enable","ocean_add_body_class":"","ocean_shortcode_before_top_bar":"","ocean_shortcode_after_top_bar":"","ocean_shortcode_before_header":"","ocean_shortcode_after_header":"","ocean_has_shortcode":"","ocean_shortcode_after_title":"","ocean_shortcode_before_footer_widgets":"","ocean_shortcode_after_footer_widgets":"","ocean_shortcode_before_footer_bottom":"","ocean_shortcode_after_footer_bottom":"","ocean_display_top_bar":"default","ocean_display_header":"default","ocean_header_style":"","ocean_center_header_left_menu":"","ocean_custom_header_template":"","ocean_custom_logo":0,"ocean_custom_retina_logo":0,"ocean_custom_logo_max_width":0,"ocean_custom_logo_tablet_max_width":0,"ocean_custom_logo_mobile_max_width":0,"ocean_custom_logo_max_height":0,"ocean_custom_logo_tablet_max_height":0,"ocean_custom_logo_mobile_max_height":0,"ocean_header_custom_menu":"","ocean_menu_typo_font_family":"","ocean_menu_typo_font_subset":"","ocean_menu_typo_font_size":0,"ocean_menu_typo_font_size_tablet":0,"ocean_menu_typo_font_size_mobile":0,"ocean_menu_typo_font_size_unit":"px","ocean_menu_typo_font_weight":"","ocean_menu_typo_font_weight_tablet":"","ocean_menu_typo_font_weight_mobile":"","ocean_menu_typo_transform":"","ocean_menu_typo_transform_tablet":"","ocean_menu_typo_transform_mobile":"","ocean_menu_typo_line_height":0,"ocean_menu_typo_line_height_tablet":0,"ocean_menu_typo_line_height_mobile":0,"ocean_menu_typo_line_height_unit":"","ocean_menu_typo_spacing":0,"ocean_menu_typo_spacing_tablet":0,"ocean_menu_typo_spacing_mobile":0,"ocean_menu_typo_spacing_unit":"","ocean_menu_link_color":"","ocean_menu_link_color_hover":"","ocean_menu_link_color_active":"","ocean_menu_link_background":"","ocean_menu_link_hover_background":"","ocean_menu_link_active_background":"","ocean_menu_social_links_bg":"","ocean_menu_social_hover_links_bg":"","ocean_menu_social_links_color":"","ocean_menu_social_hover_links_color":"","ocean_disable_title":"default","ocean_disable_heading":"default","ocean_post_title":"","ocean_post_subheading":"","ocean_post_title_style":"","ocean_post_title_background_color":"","ocean_post_title_background":0,"ocean_post_title_bg_image_position":"","ocean_post_title_bg_image_attachment":"","ocean_post_title_bg_image_repeat":"","ocean_post_title_bg_image_size":"","ocean_post_title_height":0,"ocean_post_title_bg_overlay":0.5,"ocean_post_title_bg_overlay_color":"","ocean_disable_breadcrumbs":"default","ocean_breadcrumbs_color":"","ocean_breadcrumbs_separator_color":"","ocean_breadcrumbs_links_color":"","ocean_breadcrumbs_links_hover_color":"","ocean_display_footer_widgets":"default","ocean_display_footer_bottom":"default","ocean_custom_footer_template":"","ofc_meta_disable_footer_callout":"","ofc_meta_callout_button_url":"","ofc_meta_callout_button_txt":"","ofc_meta_callout_text":"","ofc_enable_fullscreen":"disable","ofc_fullscreen_speed":0,"ofc_fullscreen_nav":"enable","ofc_fullscreen_nav_pos":"right","ofc_fullscreen_nav_color":"","ofc_fullscreen_nav_tooltip_color":"","ofc_fullscreen_responsive":0,"osp_disable_panel":"default","osh_disable_topbar_sticky":"default","osh_disable_header_sticky":"default","osh_sticky_header_style":"default","osh_sticky_header_effect":"","osh_custom_sticky_logo":0,"osh_custom_retina_sticky_logo":0,"osh_custom_sticky_logo_height":0,"osh_background_color":"","osh_links_color":"","osh_links_hover_color":"","osh_links_active_color":"","osh_links_bg_color":"","osh_links_hover_bg_color":"","osh_links_active_bg_color":"","osh_menu_social_links_color":"","osh_menu_social_hover_links_color":"","_themeisle_gutenberg_block_has_review":false,"footnotes":""},"class_list":["post-1502","page","type-page","status-publish","hentry","entry","owp-thumbs-layout-horizontal","owp-btn-normal","owp-tabs-layout-horizontal","has-no-thumbnails","has-product-nav"],"yoast_head":"<!-- This site is optimized with the Yoast SEO plugin v27.1.1 - https:\/\/yoast.com\/product\/yoast-seo-wordpress\/ -->\n<title>Mon compte - Art From The Crypt<\/title>\n<meta name=\"robots\" content=\"index, follow, max-snippet:-1, max-image-preview:large, max-video-preview:-1\" \/>\n<link rel=\"canonical\" href=\"https:\/\/artfromthecrypt.com\/index.php\/mon-compte\/\" \/>\n<meta property=\"og:locale\" content=\"fr_FR\" \/>\n<meta property=\"og:type\" content=\"article\" \/>\n<meta property=\"og:title\" content=\"Mon compte - Art From The Crypt\" \/>\n<meta property=\"og:url\" content=\"https:\/\/artfromthecrypt.com\/index.php\/mon-compte\/\" \/>\n<meta property=\"og:site_name\" content=\"Art From The Crypt\" \/>\n<meta property=\"article:modified_time\" content=\"2023-10-16T09:32:32+00:00\" \/>\n<meta property=\"og:image\" content=\"http:\/\/artfromthecrypt.com\/wp-content\/uploads\/2023\/10\/fond000-scaled.jpg\" \/>\n<meta name=\"twitter:card\" content=\"summary_large_image\" \/>\n<meta name=\"twitter:label1\" content=\"Dur\u00e9e de lecture estim\u00e9e\" \/>\n\t<meta name=\"twitter:data1\" content=\"1 minute\" \/>\n<script type=\"application\/ld+json\" class=\"yoast-schema-graph\">{\"@context\":\"https:\/\/schema.org\",\"@graph\":[{\"@type\":\"WebPage\",\"@id\":\"https:\/\/artfromthecrypt.com\/index.php\/mon-compte\/\",\"url\":\"https:\/\/artfromthecrypt.com\/index.php\/mon-compte\/\",\"name\":\"Mon compte - Art From The Crypt\",\"isPartOf\":{\"@id\":\"https:\/\/artfromthecrypt.com\/#website\"},\"primaryImageOfPage\":{\"@id\":\"https:\/\/artfromthecrypt.com\/index.php\/mon-compte\/#primaryimage\"},\"image\":{\"@id\":\"https:\/\/artfromthecrypt.com\/index.php\/mon-compte\/#primaryimage\"},\"thumbnailUrl\":\"http:\/\/artfromthecrypt.com\/wp-content\/uploads\/2023\/10\/fond000-scaled.jpg\",\"datePublished\":\"2023-08-30T16:27:39+00:00\",\"dateModified\":\"2023-10-16T09:32:32+00:00\",\"breadcrumb\":{\"@id\":\"https:\/\/artfromthecrypt.com\/index.php\/mon-compte\/#breadcrumb\"},\"inLanguage\":\"fr-FR\",\"potentialAction\":[{\"@type\":\"ReadAction\",\"target\":[\"https:\/\/artfromthecrypt.com\/index.php\/mon-compte\/\"]}]},{\"@type\":\"ImageObject\",\"inLanguage\":\"fr-FR\",\"@id\":\"https:\/\/artfromthecrypt.com\/index.php\/mon-compte\/#primaryimage\",\"url\":\"https:\/\/artfromthecrypt.com\/wp-content\/uploads\/2023\/10\/fond000-scaled.jpg\",\"contentUrl\":\"https:\/\/artfromthecrypt.com\/wp-content\/uploads\/2023\/10\/fond000-scaled.jpg\",\"width\":2560,\"height\":1280},{\"@type\":\"BreadcrumbList\",\"@id\":\"https:\/\/artfromthecrypt.com\/index.php\/mon-compte\/#breadcrumb\",\"itemListElement\":[{\"@type\":\"ListItem\",\"position\":1,\"name\":\"Accueil\",\"item\":\"https:\/\/artfromthecrypt.com\/\"},{\"@type\":\"ListItem\",\"position\":2,\"name\":\"Mon compte\"}]},{\"@type\":\"WebSite\",\"@id\":\"https:\/\/artfromthecrypt.com\/#website\",\"url\":\"https:\/\/artfromthecrypt.com\/\",\"name\":\"Art From The Crypt\",\"description\":\"HipHop &amp; Geek Artwork - Art\/Textiles Geek &amp; HipHop\",\"publisher\":{\"@id\":\"https:\/\/artfromthecrypt.com\/#organization\"},\"potentialAction\":[{\"@type\":\"SearchAction\",\"target\":{\"@type\":\"EntryPoint\",\"urlTemplate\":\"https:\/\/artfromthecrypt.com\/?s={search_term_string}\"},\"query-input\":{\"@type\":\"PropertyValueSpecification\",\"valueRequired\":true,\"valueName\":\"search_term_string\"}}],\"inLanguage\":\"fr-FR\"},{\"@type\":\"Organization\",\"@id\":\"https:\/\/artfromthecrypt.com\/#organization\",\"name\":\"Art From The Crypt\",\"url\":\"https:\/\/artfromthecrypt.com\/\",\"logo\":{\"@type\":\"ImageObject\",\"inLanguage\":\"fr-FR\",\"@id\":\"https:\/\/artfromthecrypt.com\/#\/schema\/logo\/image\/\",\"url\":\"https:\/\/artfromthecrypt.com\/wp-content\/uploads\/2024\/06\/cropped-Logo_HipHop-1.png\",\"contentUrl\":\"https:\/\/artfromthecrypt.com\/wp-content\/uploads\/2024\/06\/cropped-Logo_HipHop-1.png\",\"width\":5877,\"height\":5948,\"caption\":\"Art From The Crypt\"},\"image\":{\"@id\":\"https:\/\/artfromthecrypt.com\/#\/schema\/logo\/image\/\"}}]}<\/script>\n<!-- \/ Yoast SEO plugin. -->","yoast_head_json":{"title":"Mon compte - Art From The Crypt","robots":{"index":"index","follow":"follow","max-snippet":"max-snippet:-1","max-image-preview":"max-image-preview:large","max-video-preview":"max-video-preview:-1"},"canonical":"https:\/\/artfromthecrypt.com\/index.php\/mon-compte\/","og_locale":"fr_FR","og_type":"article","og_title":"Mon compte - Art From The Crypt","og_url":"https:\/\/artfromthecrypt.com\/index.php\/mon-compte\/","og_site_name":"Art From The Crypt","article_modified_time":"2023-10-16T09:32:32+00:00","og_image":[{"url":"http:\/\/artfromthecrypt.com\/wp-content\/uploads\/2023\/10\/fond000-scaled.jpg","type":"","width":"","height":""}],"twitter_card":"summary_large_image","twitter_misc":{"Dur\u00e9e de lecture estim\u00e9e":"1 minute"},"schema":{"@context":"https:\/\/schema.org","@graph":[{"@type":"WebPage","@id":"https:\/\/artfromthecrypt.com\/index.php\/mon-compte\/","url":"https:\/\/artfromthecrypt.com\/index.php\/mon-compte\/","name":"Mon compte - Art From The Crypt","isPartOf":{"@id":"https:\/\/artfromthecrypt.com\/#website"},"primaryImageOfPage":{"@id":"https:\/\/artfromthecrypt.com\/index.php\/mon-compte\/#primaryimage"},"image":{"@id":"https:\/\/artfromthecrypt.com\/index.php\/mon-compte\/#primaryimage"},"thumbnailUrl":"http:\/\/artfromthecrypt.com\/wp-content\/uploads\/2023\/10\/fond000-scaled.jpg","datePublished":"2023-08-30T16:27:39+00:00","dateModified":"2023-10-16T09:32:32+00:00","breadcrumb":{"@id":"https:\/\/artfromthecrypt.com\/index.php\/mon-compte\/#breadcrumb"},"inLanguage":"fr-FR","potentialAction":[{"@type":"ReadAction","target":["https:\/\/artfromthecrypt.com\/index.php\/mon-compte\/"]}]},{"@type":"ImageObject","inLanguage":"fr-FR","@id":"https:\/\/artfromthecrypt.com\/index.php\/mon-compte\/#primaryimage","url":"https:\/\/artfromthecrypt.com\/wp-content\/uploads\/2023\/10\/fond000-scaled.jpg","contentUrl":"https:\/\/artfromthecrypt.com\/wp-content\/uploads\/2023\/10\/fond000-scaled.jpg","width":2560,"height":1280},{"@type":"BreadcrumbList","@id":"https:\/\/artfromthecrypt.com\/index.php\/mon-compte\/#breadcrumb","itemListElement":[{"@type":"ListItem","position":1,"name":"Accueil","item":"https:\/\/artfromthecrypt.com\/"},{"@type":"ListItem","position":2,"name":"Mon compte"}]},{"@type":"WebSite","@id":"https:\/\/artfromthecrypt.com\/#website","url":"https:\/\/artfromthecrypt.com\/","name":"Art From The Crypt","description":"HipHop &amp; Geek Artwork - Art\/Textiles Geek &amp; HipHop","publisher":{"@id":"https:\/\/artfromthecrypt.com\/#organization"},"potentialAction":[{"@type":"SearchAction","target":{"@type":"EntryPoint","urlTemplate":"https:\/\/artfromthecrypt.com\/?s={search_term_string}"},"query-input":{"@type":"PropertyValueSpecification","valueRequired":true,"valueName":"search_term_string"}}],"inLanguage":"fr-FR"},{"@type":"Organization","@id":"https:\/\/artfromthecrypt.com\/#organization","name":"Art From The Crypt","url":"https:\/\/artfromthecrypt.com\/","logo":{"@type":"ImageObject","inLanguage":"fr-FR","@id":"https:\/\/artfromthecrypt.com\/#\/schema\/logo\/image\/","url":"https:\/\/artfromthecrypt.com\/wp-content\/uploads\/2024\/06\/cropped-Logo_HipHop-1.png","contentUrl":"https:\/\/artfromthecrypt.com\/wp-content\/uploads\/2024\/06\/cropped-Logo_HipHop-1.png","width":5877,"height":5948,"caption":"Art From The Crypt"},"image":{"@id":"https:\/\/artfromthecrypt.com\/#\/schema\/logo\/image\/"}}]}},"uagb_featured_image_src":{"full":false,"thumbnail":false,"medium":false,"medium_large":false,"large":false,"1536x1536":false,"2048x2048":false,"ocean-thumb-m":false,"ocean-thumb-ml":false,"ocean-thumb-l":false,"woocommerce_thumbnail":false,"woocommerce_single":false,"woocommerce_gallery_thumbnail":false},"uagb_author_info":{"display_name":"artfromthecrypt.com","author_link":"https:\/\/artfromthecrypt.com\/index.php\/author\/artfromthecrypt-com\/"},"uagb_comment_info":0,"uagb_excerpt":null,"_links":{"self":[{"href":"https:\/\/artfromthecrypt.com\/index.php\/wp-json\/wp\/v2\/pages\/1502","targetHints":{"allow":["GET"]}}],"collection":[{"href":"https:\/\/artfromthecrypt.com\/index.php\/wp-json\/wp\/v2\/pages"}],"about":[{"href":"https:\/\/artfromthecrypt.com\/index.php\/wp-json\/wp\/v2\/types\/page"}],"author":[{"embeddable":true,"href":"https:\/\/artfromthecrypt.com\/index.php\/wp-json\/wp\/v2\/users\/1"}],"replies":[{"embeddable":true,"href":"https:\/\/artfromthecrypt.com\/index.php\/wp-json\/wp\/v2\/comments?post=1502"}],"version-history":[{"count":6,"href":"https:\/\/artfromthecrypt.com\/index.php\/wp-json\/wp\/v2\/pages\/1502\/revisions"}],"predecessor-version":[{"id":2001,"href":"https:\/\/artfromthecrypt.com\/index.php\/wp-json\/wp\/v2\/pages\/1502\/revisions\/2001"}],"wp:attachment":[{"href":"https:\/\/artfromthecrypt.com\/index.php\/wp-json\/wp\/v2\/media?parent=1502"}],"curies":[{"name":"wp","href":"https:\/\/api.w.org\/{rel}","templated":true}]}}