{"id":1553,"date":"2023-09-25T15:51:44","date_gmt":"2023-09-25T13:51:44","guid":{"rendered":"https:\/\/artfromthecrypt.com\/?post_type=product&#038;p=1553"},"modified":"2024-11-28T17:48:46","modified_gmt":"2024-11-28T16:48:46","slug":"spray-can-damier-2-la-rue-facon-nyc-fatcap","status":"publish","type":"product","link":"https:\/\/artfromthecrypt.com\/index.php\/product\/spray-can-damier-2-la-rue-facon-nyc-fatcap\/","title":{"rendered":"Spray Can \u00ab\u00a0Damier 2 la rue\u00a0\u00bb fa\u00e7on NYC FatCap"},"content":{"rendered":"<p><strong>Spray Can \u00ab\u00a0Damier 2 la rue\u00a0\u00bb fa\u00e7on NYC FatCap<\/strong><\/p>\n<p>Pi\u00e8ce unique<\/p>\n<p>Bombe MTN recycl\u00e9e( fond perc\u00e9) avec son Cap New York FatCap aussi recycl\u00e9<\/p>\n<p>Techniques: Marqueurs et peintures acryliques<\/p>\n<p>&nbsp;<\/p>\n","protected":false},"excerpt":{"rendered":"<p>Pi\u00e8ce Unique<\/p>\n","protected":false},"featured_media":1707,"template":"","meta":{"_uag_custom_page_level_css":"","ocean_post_layout":"","ocean_both_sidebars_style":"","ocean_both_sidebars_content_width":0,"ocean_both_sidebars_sidebars_width":0,"ocean_sidebar":"0","ocean_second_sidebar":"0","ocean_disable_margins":"enable","ocean_add_body_class":"","ocean_shortcode_before_top_bar":"","ocean_shortcode_after_top_bar":"","ocean_shortcode_before_header":"","ocean_shortcode_after_header":"","ocean_has_shortcode":"","ocean_shortcode_after_title":"","ocean_shortcode_before_footer_widgets":"","ocean_shortcode_after_footer_widgets":"","ocean_shortcode_before_footer_bottom":"","ocean_shortcode_after_footer_bottom":"","ocean_display_top_bar":"default","ocean_display_header":"default","ocean_header_style":"","ocean_center_header_left_menu":"0","ocean_custom_header_template":"0","ocean_custom_logo":0,"ocean_custom_retina_logo":0,"ocean_custom_logo_max_width":0,"ocean_custom_logo_tablet_max_width":0,"ocean_custom_logo_mobile_max_width":0,"ocean_custom_logo_max_height":0,"ocean_custom_logo_tablet_max_height":0,"ocean_custom_logo_mobile_max_height":0,"ocean_header_custom_menu":"29","ocean_menu_typo_font_family":"0","ocean_menu_typo_font_subset":"","ocean_menu_typo_font_size":0,"ocean_menu_typo_font_size_tablet":0,"ocean_menu_typo_font_size_mobile":0,"ocean_menu_typo_font_size_unit":"px","ocean_menu_typo_font_weight":"","ocean_menu_typo_font_weight_tablet":"","ocean_menu_typo_font_weight_mobile":"","ocean_menu_typo_transform":"","ocean_menu_typo_transform_tablet":"","ocean_menu_typo_transform_mobile":"","ocean_menu_typo_line_height":0,"ocean_menu_typo_line_height_tablet":0,"ocean_menu_typo_line_height_mobile":0,"ocean_menu_typo_line_height_unit":"","ocean_menu_typo_spacing":0,"ocean_menu_typo_spacing_tablet":0,"ocean_menu_typo_spacing_mobile":0,"ocean_menu_typo_spacing_unit":"","ocean_menu_link_color":"","ocean_menu_link_color_hover":"","ocean_menu_link_color_active":"","ocean_menu_link_background":"","ocean_menu_link_hover_background":"","ocean_menu_link_active_background":"","ocean_menu_social_links_bg":"","ocean_menu_social_hover_links_bg":"","ocean_menu_social_links_color":"","ocean_menu_social_hover_links_color":"","ocean_disable_title":"default","ocean_disable_heading":"default","ocean_post_title":"","ocean_post_subheading":"","ocean_post_title_style":"","ocean_post_title_background_color":"","ocean_post_title_background":0,"ocean_post_title_bg_image_position":"","ocean_post_title_bg_image_attachment":"","ocean_post_title_bg_image_repeat":"","ocean_post_title_bg_image_size":"","ocean_post_title_height":0,"ocean_post_title_bg_overlay":0.5,"ocean_post_title_bg_overlay_color":"","ocean_disable_breadcrumbs":"default","ocean_breadcrumbs_color":"","ocean_breadcrumbs_separator_color":"","ocean_breadcrumbs_links_color":"","ocean_breadcrumbs_links_hover_color":"","ocean_display_footer_widgets":"default","ocean_display_footer_bottom":"default","ocean_custom_footer_template":"0","ofc_meta_disable_footer_callout":"","ofc_meta_callout_button_url":"","ofc_meta_callout_button_txt":"","ofc_meta_callout_text":"","ofc_enable_fullscreen":"disable","ofc_fullscreen_speed":0,"ofc_fullscreen_nav":"enable","ofc_fullscreen_nav_pos":"right","ofc_fullscreen_nav_color":"","ofc_fullscreen_nav_tooltip_color":"","ofc_fullscreen_responsive":0,"osp_disable_panel":"default","osh_disable_topbar_sticky":"default","osh_disable_header_sticky":"default","osh_sticky_header_style":"default","osh_sticky_header_effect":"","osh_custom_sticky_logo":0,"osh_custom_retina_sticky_logo":0,"osh_custom_sticky_logo_height":0,"osh_background_color":"","osh_links_color":"","osh_links_hover_color":"","osh_links_active_color":"","osh_links_bg_color":"","osh_links_hover_bg_color":"","osh_links_active_bg_color":"","osh_menu_social_links_color":"","osh_menu_social_hover_links_color":"","_themeisle_gutenberg_block_has_review":false},"product_brand":[],"product_cat":[39,65],"product_tag":[],"class_list":{"0":"post-1553","1":"product","2":"type-product","3":"status-publish","4":"has-post-thumbnail","6":"product_cat-artworks","7":"product_cat-objets-beton","9":"entry","10":"has-media","12":"first","13":"instock","14":"purchasable","15":"product-type-simple","16":"has-product-nav","17":"col","18":"span_1_of_3","19":"owp-content-center","20":"owp-thumbs-layout-horizontal","21":"owp-btn-normal","22":"owp-tabs-layout-horizontal"},"yoast_head":"<!-- This site is optimized with the Yoast SEO plugin v27.1.1 - https:\/\/yoast.com\/product\/yoast-seo-wordpress\/ -->\n<title>Spray Can &quot;Damier 2 la rue&quot; fa\u00e7on NYC FatCap - Art From The Crypt<\/title>\n<meta name=\"robots\" content=\"index, follow, max-snippet:-1, max-image-preview:large, max-video-preview:-1\" \/>\n<link rel=\"canonical\" href=\"https:\/\/artfromthecrypt.com\/index.php\/product\/spray-can-damier-2-la-rue-facon-nyc-fatcap\/\" \/>\n<meta property=\"og:locale\" content=\"fr_FR\" \/>\n<meta property=\"og:type\" content=\"article\" \/>\n<meta property=\"og:title\" content=\"Spray Can &quot;Damier 2 la rue&quot; fa\u00e7on NYC FatCap - Art From The Crypt\" \/>\n<meta property=\"og:description\" content=\"Pi\u00e8ce Unique\" \/>\n<meta property=\"og:url\" content=\"https:\/\/artfromthecrypt.com\/index.php\/product\/spray-can-damier-2-la-rue-facon-nyc-fatcap\/\" \/>\n<meta property=\"og:site_name\" content=\"Art From The Crypt\" \/>\n<meta property=\"article:modified_time\" content=\"2024-11-28T16:48:46+00:00\" \/>\n<meta property=\"og:image\" content=\"http:\/\/artfromthecrypt.com\/wp-content\/uploads\/2023\/09\/Damier2larue-NYFATCAP-01-scaled.jpg\" \/>\n\t<meta property=\"og:image:width\" content=\"2560\" \/>\n\t<meta property=\"og:image:height\" content=\"2555\" \/>\n\t<meta property=\"og:image:type\" content=\"image\/jpeg\" \/>\n<meta name=\"twitter:card\" content=\"summary_large_image\" \/>\n<meta name=\"twitter:label1\" content=\"Dur\u00e9e de lecture estim\u00e9e\" \/>\n\t<meta name=\"twitter:data1\" content=\"1 minute\" \/>\n<script type=\"application\/ld+json\" class=\"yoast-schema-graph\">{\"@context\":\"https:\/\/schema.org\",\"@graph\":[{\"@type\":\"WebPage\",\"@id\":\"https:\/\/artfromthecrypt.com\/index.php\/product\/spray-can-damier-2-la-rue-facon-nyc-fatcap\/\",\"url\":\"https:\/\/artfromthecrypt.com\/index.php\/product\/spray-can-damier-2-la-rue-facon-nyc-fatcap\/\",\"name\":\"Spray Can \\\"Damier 2 la rue\\\" fa\u00e7on NYC FatCap - Art From The Crypt\",\"isPartOf\":{\"@id\":\"https:\/\/artfromthecrypt.com\/#website\"},\"primaryImageOfPage\":{\"@id\":\"https:\/\/artfromthecrypt.com\/index.php\/product\/spray-can-damier-2-la-rue-facon-nyc-fatcap\/#primaryimage\"},\"image\":{\"@id\":\"https:\/\/artfromthecrypt.com\/index.php\/product\/spray-can-damier-2-la-rue-facon-nyc-fatcap\/#primaryimage\"},\"thumbnailUrl\":\"https:\/\/artfromthecrypt.com\/wp-content\/uploads\/2023\/09\/Damier2larue-NYFATCAP-01-scaled.jpg\",\"datePublished\":\"2023-09-25T13:51:44+00:00\",\"dateModified\":\"2024-11-28T16:48:46+00:00\",\"breadcrumb\":{\"@id\":\"https:\/\/artfromthecrypt.com\/index.php\/product\/spray-can-damier-2-la-rue-facon-nyc-fatcap\/#breadcrumb\"},\"inLanguage\":\"fr-FR\",\"potentialAction\":[{\"@type\":\"ReadAction\",\"target\":[\"https:\/\/artfromthecrypt.com\/index.php\/product\/spray-can-damier-2-la-rue-facon-nyc-fatcap\/\"]}]},{\"@type\":\"ImageObject\",\"inLanguage\":\"fr-FR\",\"@id\":\"https:\/\/artfromthecrypt.com\/index.php\/product\/spray-can-damier-2-la-rue-facon-nyc-fatcap\/#primaryimage\",\"url\":\"https:\/\/artfromthecrypt.com\/wp-content\/uploads\/2023\/09\/Damier2larue-NYFATCAP-01-scaled.jpg\",\"contentUrl\":\"https:\/\/artfromthecrypt.com\/wp-content\/uploads\/2023\/09\/Damier2larue-NYFATCAP-01-scaled.jpg\",\"width\":2560,\"height\":2555},{\"@type\":\"BreadcrumbList\",\"@id\":\"https:\/\/artfromthecrypt.com\/index.php\/product\/spray-can-damier-2-la-rue-facon-nyc-fatcap\/#breadcrumb\",\"itemListElement\":[{\"@type\":\"ListItem\",\"position\":1,\"name\":\"Accueil\",\"item\":\"https:\/\/artfromthecrypt.com\/\"},{\"@type\":\"ListItem\",\"position\":2,\"name\":\"Boutique\",\"item\":\"https:\/\/artfromthecrypt.com\/index.php\/boutique-2\/\"},{\"@type\":\"ListItem\",\"position\":3,\"name\":\"Spray Can \u00ab\u00a0Damier 2 la rue\u00a0\u00bb fa\u00e7on NYC FatCap\"}]},{\"@type\":\"WebSite\",\"@id\":\"https:\/\/artfromthecrypt.com\/#website\",\"url\":\"https:\/\/artfromthecrypt.com\/\",\"name\":\"Art From The Crypt\",\"description\":\"HipHop &amp; Geek Artwork - Art\/Textiles Geek &amp; HipHop\",\"publisher\":{\"@id\":\"https:\/\/artfromthecrypt.com\/#organization\"},\"potentialAction\":[{\"@type\":\"SearchAction\",\"target\":{\"@type\":\"EntryPoint\",\"urlTemplate\":\"https:\/\/artfromthecrypt.com\/?s={search_term_string}\"},\"query-input\":{\"@type\":\"PropertyValueSpecification\",\"valueRequired\":true,\"valueName\":\"search_term_string\"}}],\"inLanguage\":\"fr-FR\"},{\"@type\":\"Organization\",\"@id\":\"https:\/\/artfromthecrypt.com\/#organization\",\"name\":\"Art From The Crypt\",\"url\":\"https:\/\/artfromthecrypt.com\/\",\"logo\":{\"@type\":\"ImageObject\",\"inLanguage\":\"fr-FR\",\"@id\":\"https:\/\/artfromthecrypt.com\/#\/schema\/logo\/image\/\",\"url\":\"https:\/\/artfromthecrypt.com\/wp-content\/uploads\/2024\/06\/cropped-Logo_HipHop-1.png\",\"contentUrl\":\"https:\/\/artfromthecrypt.com\/wp-content\/uploads\/2024\/06\/cropped-Logo_HipHop-1.png\",\"width\":5877,\"height\":5948,\"caption\":\"Art From The Crypt\"},\"image\":{\"@id\":\"https:\/\/artfromthecrypt.com\/#\/schema\/logo\/image\/\"}}]}<\/script>\n<!-- \/ Yoast SEO plugin. -->","yoast_head_json":{"title":"Spray Can \"Damier 2 la rue\" fa\u00e7on NYC FatCap - Art From The Crypt","robots":{"index":"index","follow":"follow","max-snippet":"max-snippet:-1","max-image-preview":"max-image-preview:large","max-video-preview":"max-video-preview:-1"},"canonical":"https:\/\/artfromthecrypt.com\/index.php\/product\/spray-can-damier-2-la-rue-facon-nyc-fatcap\/","og_locale":"fr_FR","og_type":"article","og_title":"Spray Can \"Damier 2 la rue\" fa\u00e7on NYC FatCap - Art From The Crypt","og_description":"Pi\u00e8ce Unique","og_url":"https:\/\/artfromthecrypt.com\/index.php\/product\/spray-can-damier-2-la-rue-facon-nyc-fatcap\/","og_site_name":"Art From The Crypt","article_modified_time":"2024-11-28T16:48:46+00:00","og_image":[{"width":2560,"height":2555,"url":"http:\/\/artfromthecrypt.com\/wp-content\/uploads\/2023\/09\/Damier2larue-NYFATCAP-01-scaled.jpg","type":"image\/jpeg"}],"twitter_card":"summary_large_image","twitter_misc":{"Dur\u00e9e de lecture estim\u00e9e":"1 minute"},"schema":{"@context":"https:\/\/schema.org","@graph":[{"@type":"WebPage","@id":"https:\/\/artfromthecrypt.com\/index.php\/product\/spray-can-damier-2-la-rue-facon-nyc-fatcap\/","url":"https:\/\/artfromthecrypt.com\/index.php\/product\/spray-can-damier-2-la-rue-facon-nyc-fatcap\/","name":"Spray Can \"Damier 2 la rue\" fa\u00e7on NYC FatCap - Art From The Crypt","isPartOf":{"@id":"https:\/\/artfromthecrypt.com\/#website"},"primaryImageOfPage":{"@id":"https:\/\/artfromthecrypt.com\/index.php\/product\/spray-can-damier-2-la-rue-facon-nyc-fatcap\/#primaryimage"},"image":{"@id":"https:\/\/artfromthecrypt.com\/index.php\/product\/spray-can-damier-2-la-rue-facon-nyc-fatcap\/#primaryimage"},"thumbnailUrl":"https:\/\/artfromthecrypt.com\/wp-content\/uploads\/2023\/09\/Damier2larue-NYFATCAP-01-scaled.jpg","datePublished":"2023-09-25T13:51:44+00:00","dateModified":"2024-11-28T16:48:46+00:00","breadcrumb":{"@id":"https:\/\/artfromthecrypt.com\/index.php\/product\/spray-can-damier-2-la-rue-facon-nyc-fatcap\/#breadcrumb"},"inLanguage":"fr-FR","potentialAction":[{"@type":"ReadAction","target":["https:\/\/artfromthecrypt.com\/index.php\/product\/spray-can-damier-2-la-rue-facon-nyc-fatcap\/"]}]},{"@type":"ImageObject","inLanguage":"fr-FR","@id":"https:\/\/artfromthecrypt.com\/index.php\/product\/spray-can-damier-2-la-rue-facon-nyc-fatcap\/#primaryimage","url":"https:\/\/artfromthecrypt.com\/wp-content\/uploads\/2023\/09\/Damier2larue-NYFATCAP-01-scaled.jpg","contentUrl":"https:\/\/artfromthecrypt.com\/wp-content\/uploads\/2023\/09\/Damier2larue-NYFATCAP-01-scaled.jpg","width":2560,"height":2555},{"@type":"BreadcrumbList","@id":"https:\/\/artfromthecrypt.com\/index.php\/product\/spray-can-damier-2-la-rue-facon-nyc-fatcap\/#breadcrumb","itemListElement":[{"@type":"ListItem","position":1,"name":"Accueil","item":"https:\/\/artfromthecrypt.com\/"},{"@type":"ListItem","position":2,"name":"Boutique","item":"https:\/\/artfromthecrypt.com\/index.php\/boutique-2\/"},{"@type":"ListItem","position":3,"name":"Spray Can \u00ab\u00a0Damier 2 la rue\u00a0\u00bb fa\u00e7on NYC FatCap"}]},{"@type":"WebSite","@id":"https:\/\/artfromthecrypt.com\/#website","url":"https:\/\/artfromthecrypt.com\/","name":"Art From The Crypt","description":"HipHop &amp; Geek Artwork - Art\/Textiles Geek &amp; HipHop","publisher":{"@id":"https:\/\/artfromthecrypt.com\/#organization"},"potentialAction":[{"@type":"SearchAction","target":{"@type":"EntryPoint","urlTemplate":"https:\/\/artfromthecrypt.com\/?s={search_term_string}"},"query-input":{"@type":"PropertyValueSpecification","valueRequired":true,"valueName":"search_term_string"}}],"inLanguage":"fr-FR"},{"@type":"Organization","@id":"https:\/\/artfromthecrypt.com\/#organization","name":"Art From The Crypt","url":"https:\/\/artfromthecrypt.com\/","logo":{"@type":"ImageObject","inLanguage":"fr-FR","@id":"https:\/\/artfromthecrypt.com\/#\/schema\/logo\/image\/","url":"https:\/\/artfromthecrypt.com\/wp-content\/uploads\/2024\/06\/cropped-Logo_HipHop-1.png","contentUrl":"https:\/\/artfromthecrypt.com\/wp-content\/uploads\/2024\/06\/cropped-Logo_HipHop-1.png","width":5877,"height":5948,"caption":"Art From The Crypt"},"image":{"@id":"https:\/\/artfromthecrypt.com\/#\/schema\/logo\/image\/"}}]}},"uagb_featured_image_src":{"full":["https:\/\/artfromthecrypt.com\/wp-content\/uploads\/2023\/09\/Damier2larue-NYFATCAP-01-scaled.jpg",2560,2555,false],"thumbnail":["https:\/\/artfromthecrypt.com\/wp-content\/uploads\/2023\/09\/Damier2larue-NYFATCAP-01-150x150.jpg",150,150,true],"medium":["https:\/\/artfromthecrypt.com\/wp-content\/uploads\/2023\/09\/Damier2larue-NYFATCAP-01-300x300.jpg",300,300,true],"medium_large":["https:\/\/artfromthecrypt.com\/wp-content\/uploads\/2023\/09\/Damier2larue-NYFATCAP-01-768x767.jpg",768,767,true],"large":["https:\/\/artfromthecrypt.com\/wp-content\/uploads\/2023\/09\/Damier2larue-NYFATCAP-01-1024x1022.jpg",1024,1022,true],"1536x1536":["https:\/\/artfromthecrypt.com\/wp-content\/uploads\/2023\/09\/Damier2larue-NYFATCAP-01-1536x1533.jpg",1536,1533,true],"2048x2048":["https:\/\/artfromthecrypt.com\/wp-content\/uploads\/2023\/09\/Damier2larue-NYFATCAP-01-2048x2044.jpg",2048,2044,true],"ocean-thumb-m":["https:\/\/artfromthecrypt.com\/wp-content\/uploads\/2023\/09\/Damier2larue-NYFATCAP-01-600x600.jpg",600,600,true],"ocean-thumb-ml":["https:\/\/artfromthecrypt.com\/wp-content\/uploads\/2023\/09\/Damier2larue-NYFATCAP-01-800x450.jpg",800,450,true],"ocean-thumb-l":["https:\/\/artfromthecrypt.com\/wp-content\/uploads\/2023\/09\/Damier2larue-NYFATCAP-01-1200x700.jpg",1200,700,true],"woocommerce_thumbnail":["https:\/\/artfromthecrypt.com\/wp-content\/uploads\/2023\/09\/Damier2larue-NYFATCAP-01-300x300.jpg",300,300,true],"woocommerce_single":["https:\/\/artfromthecrypt.com\/wp-content\/uploads\/2023\/09\/Damier2larue-NYFATCAP-01-600x599.jpg",600,599,true],"woocommerce_gallery_thumbnail":["https:\/\/artfromthecrypt.com\/wp-content\/uploads\/2023\/09\/Damier2larue-NYFATCAP-01-100x100.jpg",100,100,true]},"uagb_author_info":{"display_name":"artfromthecrypt.com","author_link":"https:\/\/artfromthecrypt.com\/index.php\/author\/"},"uagb_comment_info":0,"uagb_excerpt":"Pi\u00e8ce Unique","_links":{"self":[{"href":"https:\/\/artfromthecrypt.com\/index.php\/wp-json\/wp\/v2\/product\/1553","targetHints":{"allow":["GET"]}}],"collection":[{"href":"https:\/\/artfromthecrypt.com\/index.php\/wp-json\/wp\/v2\/product"}],"about":[{"href":"https:\/\/artfromthecrypt.com\/index.php\/wp-json\/wp\/v2\/types\/product"}],"version-history":[{"count":8,"href":"https:\/\/artfromthecrypt.com\/index.php\/wp-json\/wp\/v2\/product\/1553\/revisions"}],"predecessor-version":[{"id":2021,"href":"https:\/\/artfromthecrypt.com\/index.php\/wp-json\/wp\/v2\/product\/1553\/revisions\/2021"}],"wp:featuredmedia":[{"embeddable":true,"href":"https:\/\/artfromthecrypt.com\/index.php\/wp-json\/wp\/v2\/media\/1707"}],"wp:attachment":[{"href":"https:\/\/artfromthecrypt.com\/index.php\/wp-json\/wp\/v2\/media?parent=1553"}],"wp:term":[{"taxonomy":"product_brand","embeddable":true,"href":"https:\/\/artfromthecrypt.com\/index.php\/wp-json\/wp\/v2\/product_brand?post=1553"},{"taxonomy":"product_cat","embeddable":true,"href":"https:\/\/artfromthecrypt.com\/index.php\/wp-json\/wp\/v2\/product_cat?post=1553"},{"taxonomy":"product_tag","embeddable":true,"href":"https:\/\/artfromthecrypt.com\/index.php\/wp-json\/wp\/v2\/product_tag?post=1553"}],"curies":[{"name":"wp","href":"https:\/\/api.w.org\/{rel}","templated":true}]}}