{"id":1689,"date":"2023-10-03T15:58:24","date_gmt":"2023-10-03T13:58:24","guid":{"rendered":"https:\/\/artfromthecrypt.com\/?post_type=product&#038;p=1689"},"modified":"2025-05-25T19:05:14","modified_gmt":"2025-05-25T17:05:14","slug":"rap-hardcore-independant-hiphop-blanc-chine","status":"publish","type":"product","link":"https:\/\/artfromthecrypt.com\/index.php\/product\/rap-hardcore-independant-hiphop-blanc-chine\/","title":{"rendered":"100% Rap Hardcore 100% Ind\u00e9pendant 100% HipHop &#8211; Blanc (chin\u00e9)"},"content":{"rendered":"<p>100% Rap Hardcore 100% Ind\u00e9pendant 100% HipHop<\/p>\n<p>T-Shirt de qualit\u00e9, il est dot\u00e9 d&rsquo;un col renforc\u00e9 avec un bord c\u00f4te en \u00e9lasthanne, il est con\u00e7u pour \u00eatre \u00e0 la fois confortable et r\u00e9sistant. Il taille ni trop grand ni trop petit( voir le guide des tailles).<\/p>\n<p>Grammage et composition du T-Shirt :<\/p>\n<p>Jersey 190g &#8211; 100% coton semi-peign\u00e9 Ringspun.<\/p>\n<p>Grammage : 185g\/m\u00b2<\/p>\n<p><img decoding=\"async\" class=\"alignnone wp-image-1467\" src=\"http:\/\/artfromthecrypt.com\/wp-content\/uploads\/2023\/08\/2_Fair_Wear.jpg\" alt=\"\" width=\"108\" height=\"108\" \/><img decoding=\"async\" class=\"alignnone wp-image-1465\" src=\"http:\/\/artfromthecrypt.com\/wp-content\/uploads\/2023\/08\/3_PETA.jpg\" alt=\"\" width=\"109\" height=\"109\" \/> <img decoding=\"async\" class=\"alignnone wp-image-1466\" src=\"http:\/\/artfromthecrypt.com\/wp-content\/uploads\/2023\/08\/1_OEKO-TEX_100.jpg\" alt=\"\" width=\"91\" height=\"91\" \/><\/p>\n<p><img loading=\"lazy\" decoding=\"async\" class=\"alignnone wp-image-1473\" src=\"http:\/\/artfromthecrypt.com\/wp-content\/uploads\/2023\/08\/Capture-300x149.jpg\" alt=\"\" width=\"658\" height=\"327\" srcset=\"https:\/\/artfromthecrypt.com\/wp-content\/uploads\/2023\/08\/Capture-300x149.jpg 300w, https:\/\/artfromthecrypt.com\/wp-content\/uploads\/2023\/08\/Capture-1024x508.jpg 1024w, https:\/\/artfromthecrypt.com\/wp-content\/uploads\/2023\/08\/Capture-768x381.jpg 768w, https:\/\/artfromthecrypt.com\/wp-content\/uploads\/2023\/08\/Capture-1536x762.jpg 1536w, https:\/\/artfromthecrypt.com\/wp-content\/uploads\/2023\/08\/Capture-600x298.jpg 600w, https:\/\/artfromthecrypt.com\/wp-content\/uploads\/2023\/08\/Capture.jpg 1606w\" sizes=\"(max-width: 658px) 100vw, 658px\" \/><\/p>\n","protected":false},"excerpt":{"rendered":"<p>Choose Your Weapon &#8211; HipHop Mod &#8211; Noir<\/p>\n<ul>\n<li>Composition: Jersey 190g &#8211; 100% coton semi-peign\u00e9 Ringspun.<\/li>\n<li>Grammage : 185g\/m\u00b2<\/li>\n<\/ul>\n","protected":false},"featured_media":1694,"template":"","meta":{"_uag_custom_page_level_css":"","ocean_post_layout":"","ocean_both_sidebars_style":"","ocean_both_sidebars_content_width":0,"ocean_both_sidebars_sidebars_width":0,"ocean_sidebar":"0","ocean_second_sidebar":"0","ocean_disable_margins":"enable","ocean_add_body_class":"","ocean_shortcode_before_top_bar":"","ocean_shortcode_after_top_bar":"","ocean_shortcode_before_header":"","ocean_shortcode_after_header":"","ocean_has_shortcode":"","ocean_shortcode_after_title":"","ocean_shortcode_before_footer_widgets":"","ocean_shortcode_after_footer_widgets":"","ocean_shortcode_before_footer_bottom":"","ocean_shortcode_after_footer_bottom":"","ocean_display_top_bar":"default","ocean_display_header":"default","ocean_header_style":"","ocean_center_header_left_menu":"0","ocean_custom_header_template":"0","ocean_custom_logo":0,"ocean_custom_retina_logo":0,"ocean_custom_logo_max_width":0,"ocean_custom_logo_tablet_max_width":0,"ocean_custom_logo_mobile_max_width":0,"ocean_custom_logo_max_height":0,"ocean_custom_logo_tablet_max_height":0,"ocean_custom_logo_mobile_max_height":0,"ocean_header_custom_menu":"0","ocean_menu_typo_font_family":"0","ocean_menu_typo_font_subset":"","ocean_menu_typo_font_size":0,"ocean_menu_typo_font_size_tablet":0,"ocean_menu_typo_font_size_mobile":0,"ocean_menu_typo_font_size_unit":"px","ocean_menu_typo_font_weight":"","ocean_menu_typo_font_weight_tablet":"","ocean_menu_typo_font_weight_mobile":"","ocean_menu_typo_transform":"","ocean_menu_typo_transform_tablet":"","ocean_menu_typo_transform_mobile":"","ocean_menu_typo_line_height":0,"ocean_menu_typo_line_height_tablet":0,"ocean_menu_typo_line_height_mobile":0,"ocean_menu_typo_line_height_unit":"","ocean_menu_typo_spacing":0,"ocean_menu_typo_spacing_tablet":0,"ocean_menu_typo_spacing_mobile":0,"ocean_menu_typo_spacing_unit":"","ocean_menu_link_color":"","ocean_menu_link_color_hover":"","ocean_menu_link_color_active":"","ocean_menu_link_background":"","ocean_menu_link_hover_background":"","ocean_menu_link_active_background":"","ocean_menu_social_links_bg":"","ocean_menu_social_hover_links_bg":"","ocean_menu_social_links_color":"","ocean_menu_social_hover_links_color":"","ocean_disable_title":"default","ocean_disable_heading":"default","ocean_post_title":"","ocean_post_subheading":"","ocean_post_title_style":"","ocean_post_title_background_color":"","ocean_post_title_background":0,"ocean_post_title_bg_image_position":"","ocean_post_title_bg_image_attachment":"","ocean_post_title_bg_image_repeat":"","ocean_post_title_bg_image_size":"","ocean_post_title_height":0,"ocean_post_title_bg_overlay":0.5,"ocean_post_title_bg_overlay_color":"","ocean_disable_breadcrumbs":"default","ocean_breadcrumbs_color":"","ocean_breadcrumbs_separator_color":"","ocean_breadcrumbs_links_color":"","ocean_breadcrumbs_links_hover_color":"","ocean_display_footer_widgets":"default","ocean_display_footer_bottom":"default","ocean_custom_footer_template":"0","ofc_meta_disable_footer_callout":"","ofc_meta_callout_button_url":"","ofc_meta_callout_button_txt":"","ofc_meta_callout_text":"","ofc_enable_fullscreen":"disable","ofc_fullscreen_speed":0,"ofc_fullscreen_nav":"enable","ofc_fullscreen_nav_pos":"right","ofc_fullscreen_nav_color":"","ofc_fullscreen_nav_tooltip_color":"","ofc_fullscreen_responsive":0,"osp_disable_panel":"default","osh_disable_topbar_sticky":"default","osh_disable_header_sticky":"default","osh_sticky_header_style":"default","osh_sticky_header_effect":"","osh_custom_sticky_logo":0,"osh_custom_retina_sticky_logo":0,"osh_custom_sticky_logo_height":0,"osh_background_color":"","osh_links_color":"","osh_links_hover_color":"","osh_links_active_color":"","osh_links_bg_color":"","osh_links_hover_bg_color":"","osh_links_active_bg_color":"","osh_menu_social_links_color":"","osh_menu_social_hover_links_color":"","_themeisle_gutenberg_block_has_review":false},"product_brand":[],"product_cat":[56,15],"product_tag":[],"class_list":{"0":"post-1689","1":"product","2":"type-product","3":"status-publish","4":"has-post-thumbnail","6":"product_cat-hiphop","7":"product_cat-uncategorized","9":"entry","10":"has-media","12":"first","13":"instock","14":"shipping-taxable","15":"purchasable","16":"product-type-variable","17":"has-product-nav","18":"col","19":"span_1_of_3","20":"owp-content-center","21":"owp-thumbs-layout-horizontal","22":"owp-btn-normal","23":"owp-tabs-layout-horizontal"},"yoast_head":"<!-- This site is optimized with the Yoast SEO plugin v27.1.1 - https:\/\/yoast.com\/product\/yoast-seo-wordpress\/ -->\n<title>100% Rap Hardcore 100% Ind\u00e9pendant 100% HipHop - Blanc (chin\u00e9) - Art From The Crypt<\/title>\n<meta name=\"description\" content=\"100% Rap Hardcore 100% Ind\u00e9pendant 100% HipHop T-Shirt de qualit\u00e9, il est dot\u00e9 d&#039;un col renforc\u00e9 avec un bord c\u00f4te en \u00e9lasthanne, il est con\u00e7u pour \u00eatre \u00e0 la fois confortable et r\u00e9sistant. Il taille ni trop grand ni trop petit( voit le guide des tailles).Grammage et composition du T-Shirt :Jersey 190g - 100% coton semi-peign\u00e9 Ringspun.Grammage : 185g\/m\u00b2\" \/>\n<meta name=\"robots\" content=\"index, follow, max-snippet:-1, max-image-preview:large, max-video-preview:-1\" \/>\n<link rel=\"canonical\" href=\"https:\/\/artfromthecrypt.com\/index.php\/product\/rap-hardcore-independant-hiphop-blanc-chine\/\" \/>\n<meta property=\"og:locale\" content=\"fr_FR\" \/>\n<meta property=\"og:type\" content=\"article\" \/>\n<meta property=\"og:title\" content=\"100% Rap Hardcore 100% Ind\u00e9pendant 100% HipHop - Blanc (chin\u00e9) - Art From The Crypt\" \/>\n<meta property=\"og:description\" content=\"100% Rap Hardcore 100% Ind\u00e9pendant 100% HipHop T-Shirt de qualit\u00e9, il est dot\u00e9 d&#039;un col renforc\u00e9 avec un bord c\u00f4te en \u00e9lasthanne, il est con\u00e7u pour \u00eatre \u00e0 la fois confortable et r\u00e9sistant. Il taille ni trop grand ni trop petit( voit le guide des tailles).Grammage et composition du T-Shirt :Jersey 190g - 100% coton semi-peign\u00e9 Ringspun.Grammage : 185g\/m\u00b2\" \/>\n<meta property=\"og:url\" content=\"https:\/\/artfromthecrypt.com\/index.php\/product\/rap-hardcore-independant-hiphop-blanc-chine\/\" \/>\n<meta property=\"og:site_name\" content=\"Art From The Crypt\" \/>\n<meta property=\"article:modified_time\" content=\"2025-05-25T17:05:14+00:00\" \/>\n<meta property=\"og:image\" content=\"http:\/\/artfromthecrypt.com\/wp-content\/uploads\/2023\/10\/100Rap_Hardcore-gris-chine-front.jpg\" \/>\n\t<meta property=\"og:image:width\" content=\"1104\" \/>\n\t<meta property=\"og:image:height\" content=\"1191\" \/>\n\t<meta property=\"og:image:type\" content=\"image\/jpeg\" \/>\n<meta name=\"twitter:card\" content=\"summary_large_image\" \/>\n<meta name=\"twitter:label1\" content=\"Dur\u00e9e de lecture estim\u00e9e\" \/>\n\t<meta name=\"twitter:data1\" content=\"2 minutes\" \/>\n<script type=\"application\/ld+json\" class=\"yoast-schema-graph\">{\"@context\":\"https:\/\/schema.org\",\"@graph\":[{\"@type\":\"WebPage\",\"@id\":\"https:\/\/artfromthecrypt.com\/index.php\/product\/rap-hardcore-independant-hiphop-blanc-chine\/\",\"url\":\"https:\/\/artfromthecrypt.com\/index.php\/product\/rap-hardcore-independant-hiphop-blanc-chine\/\",\"name\":\"100% Rap Hardcore 100% Ind\u00e9pendant 100% HipHop - Blanc (chin\u00e9) - Art From The Crypt\",\"isPartOf\":{\"@id\":\"https:\/\/artfromthecrypt.com\/#website\"},\"primaryImageOfPage\":{\"@id\":\"https:\/\/artfromthecrypt.com\/index.php\/product\/rap-hardcore-independant-hiphop-blanc-chine\/#primaryimage\"},\"image\":{\"@id\":\"https:\/\/artfromthecrypt.com\/index.php\/product\/rap-hardcore-independant-hiphop-blanc-chine\/#primaryimage\"},\"thumbnailUrl\":\"https:\/\/artfromthecrypt.com\/wp-content\/uploads\/2023\/10\/100Rap_Hardcore-gris-chine-front.jpg\",\"datePublished\":\"2023-10-03T13:58:24+00:00\",\"dateModified\":\"2025-05-25T17:05:14+00:00\",\"description\":\"100% Rap Hardcore 100% Ind\u00e9pendant 100% HipHop T-Shirt de qualit\u00e9, il est dot\u00e9 d'un col renforc\u00e9 avec un bord c\u00f4te en \u00e9lasthanne, il est con\u00e7u pour \u00eatre \u00e0 la fois confortable et r\u00e9sistant. Il taille ni trop grand ni trop petit( voit le guide des tailles).Grammage et composition du T-Shirt :Jersey 190g - 100% coton semi-peign\u00e9 Ringspun.Grammage : 185g\/m\u00b2\",\"breadcrumb\":{\"@id\":\"https:\/\/artfromthecrypt.com\/index.php\/product\/rap-hardcore-independant-hiphop-blanc-chine\/#breadcrumb\"},\"inLanguage\":\"fr-FR\",\"potentialAction\":[{\"@type\":\"ReadAction\",\"target\":[\"https:\/\/artfromthecrypt.com\/index.php\/product\/rap-hardcore-independant-hiphop-blanc-chine\/\"]}]},{\"@type\":\"ImageObject\",\"inLanguage\":\"fr-FR\",\"@id\":\"https:\/\/artfromthecrypt.com\/index.php\/product\/rap-hardcore-independant-hiphop-blanc-chine\/#primaryimage\",\"url\":\"https:\/\/artfromthecrypt.com\/wp-content\/uploads\/2023\/10\/100Rap_Hardcore-gris-chine-front.jpg\",\"contentUrl\":\"https:\/\/artfromthecrypt.com\/wp-content\/uploads\/2023\/10\/100Rap_Hardcore-gris-chine-front.jpg\",\"width\":1104,\"height\":1191},{\"@type\":\"BreadcrumbList\",\"@id\":\"https:\/\/artfromthecrypt.com\/index.php\/product\/rap-hardcore-independant-hiphop-blanc-chine\/#breadcrumb\",\"itemListElement\":[{\"@type\":\"ListItem\",\"position\":1,\"name\":\"Accueil\",\"item\":\"https:\/\/artfromthecrypt.com\/\"},{\"@type\":\"ListItem\",\"position\":2,\"name\":\"Boutique\",\"item\":\"https:\/\/artfromthecrypt.com\/index.php\/boutique-2\/\"},{\"@type\":\"ListItem\",\"position\":3,\"name\":\"100% Rap Hardcore 100% Ind\u00e9pendant 100% HipHop &#8211; Blanc (chin\u00e9)\"}]},{\"@type\":\"WebSite\",\"@id\":\"https:\/\/artfromthecrypt.com\/#website\",\"url\":\"https:\/\/artfromthecrypt.com\/\",\"name\":\"Art From The Crypt\",\"description\":\"HipHop &amp; Geek Artwork - Art\/Textiles Geek &amp; HipHop\",\"publisher\":{\"@id\":\"https:\/\/artfromthecrypt.com\/#organization\"},\"potentialAction\":[{\"@type\":\"SearchAction\",\"target\":{\"@type\":\"EntryPoint\",\"urlTemplate\":\"https:\/\/artfromthecrypt.com\/?s={search_term_string}\"},\"query-input\":{\"@type\":\"PropertyValueSpecification\",\"valueRequired\":true,\"valueName\":\"search_term_string\"}}],\"inLanguage\":\"fr-FR\"},{\"@type\":\"Organization\",\"@id\":\"https:\/\/artfromthecrypt.com\/#organization\",\"name\":\"Art From The Crypt\",\"url\":\"https:\/\/artfromthecrypt.com\/\",\"logo\":{\"@type\":\"ImageObject\",\"inLanguage\":\"fr-FR\",\"@id\":\"https:\/\/artfromthecrypt.com\/#\/schema\/logo\/image\/\",\"url\":\"https:\/\/artfromthecrypt.com\/wp-content\/uploads\/2024\/06\/cropped-Logo_HipHop-1.png\",\"contentUrl\":\"https:\/\/artfromthecrypt.com\/wp-content\/uploads\/2024\/06\/cropped-Logo_HipHop-1.png\",\"width\":5877,\"height\":5948,\"caption\":\"Art From The Crypt\"},\"image\":{\"@id\":\"https:\/\/artfromthecrypt.com\/#\/schema\/logo\/image\/\"}}]}<\/script>\n<!-- \/ Yoast SEO plugin. -->","yoast_head_json":{"title":"100% Rap Hardcore 100% Ind\u00e9pendant 100% HipHop - Blanc (chin\u00e9) - Art From The Crypt","description":"100% Rap Hardcore 100% Ind\u00e9pendant 100% HipHop T-Shirt de qualit\u00e9, il est dot\u00e9 d'un col renforc\u00e9 avec un bord c\u00f4te en \u00e9lasthanne, il est con\u00e7u pour \u00eatre \u00e0 la fois confortable et r\u00e9sistant. Il taille ni trop grand ni trop petit( voit le guide des tailles).Grammage et composition du T-Shirt :Jersey 190g - 100% coton semi-peign\u00e9 Ringspun.Grammage : 185g\/m\u00b2","robots":{"index":"index","follow":"follow","max-snippet":"max-snippet:-1","max-image-preview":"max-image-preview:large","max-video-preview":"max-video-preview:-1"},"canonical":"https:\/\/artfromthecrypt.com\/index.php\/product\/rap-hardcore-independant-hiphop-blanc-chine\/","og_locale":"fr_FR","og_type":"article","og_title":"100% Rap Hardcore 100% Ind\u00e9pendant 100% HipHop - Blanc (chin\u00e9) - Art From The Crypt","og_description":"100% Rap Hardcore 100% Ind\u00e9pendant 100% HipHop T-Shirt de qualit\u00e9, il est dot\u00e9 d'un col renforc\u00e9 avec un bord c\u00f4te en \u00e9lasthanne, il est con\u00e7u pour \u00eatre \u00e0 la fois confortable et r\u00e9sistant. Il taille ni trop grand ni trop petit( voit le guide des tailles).Grammage et composition du T-Shirt :Jersey 190g - 100% coton semi-peign\u00e9 Ringspun.Grammage : 185g\/m\u00b2","og_url":"https:\/\/artfromthecrypt.com\/index.php\/product\/rap-hardcore-independant-hiphop-blanc-chine\/","og_site_name":"Art From The Crypt","article_modified_time":"2025-05-25T17:05:14+00:00","og_image":[{"width":1104,"height":1191,"url":"http:\/\/artfromthecrypt.com\/wp-content\/uploads\/2023\/10\/100Rap_Hardcore-gris-chine-front.jpg","type":"image\/jpeg"}],"twitter_card":"summary_large_image","twitter_misc":{"Dur\u00e9e de lecture estim\u00e9e":"2 minutes"},"schema":{"@context":"https:\/\/schema.org","@graph":[{"@type":"WebPage","@id":"https:\/\/artfromthecrypt.com\/index.php\/product\/rap-hardcore-independant-hiphop-blanc-chine\/","url":"https:\/\/artfromthecrypt.com\/index.php\/product\/rap-hardcore-independant-hiphop-blanc-chine\/","name":"100% Rap Hardcore 100% Ind\u00e9pendant 100% HipHop - Blanc (chin\u00e9) - Art From The Crypt","isPartOf":{"@id":"https:\/\/artfromthecrypt.com\/#website"},"primaryImageOfPage":{"@id":"https:\/\/artfromthecrypt.com\/index.php\/product\/rap-hardcore-independant-hiphop-blanc-chine\/#primaryimage"},"image":{"@id":"https:\/\/artfromthecrypt.com\/index.php\/product\/rap-hardcore-independant-hiphop-blanc-chine\/#primaryimage"},"thumbnailUrl":"https:\/\/artfromthecrypt.com\/wp-content\/uploads\/2023\/10\/100Rap_Hardcore-gris-chine-front.jpg","datePublished":"2023-10-03T13:58:24+00:00","dateModified":"2025-05-25T17:05:14+00:00","description":"100% Rap Hardcore 100% Ind\u00e9pendant 100% HipHop T-Shirt de qualit\u00e9, il est dot\u00e9 d'un col renforc\u00e9 avec un bord c\u00f4te en \u00e9lasthanne, il est con\u00e7u pour \u00eatre \u00e0 la fois confortable et r\u00e9sistant. Il taille ni trop grand ni trop petit( voit le guide des tailles).Grammage et composition du T-Shirt :Jersey 190g - 100% coton semi-peign\u00e9 Ringspun.Grammage : 185g\/m\u00b2","breadcrumb":{"@id":"https:\/\/artfromthecrypt.com\/index.php\/product\/rap-hardcore-independant-hiphop-blanc-chine\/#breadcrumb"},"inLanguage":"fr-FR","potentialAction":[{"@type":"ReadAction","target":["https:\/\/artfromthecrypt.com\/index.php\/product\/rap-hardcore-independant-hiphop-blanc-chine\/"]}]},{"@type":"ImageObject","inLanguage":"fr-FR","@id":"https:\/\/artfromthecrypt.com\/index.php\/product\/rap-hardcore-independant-hiphop-blanc-chine\/#primaryimage","url":"https:\/\/artfromthecrypt.com\/wp-content\/uploads\/2023\/10\/100Rap_Hardcore-gris-chine-front.jpg","contentUrl":"https:\/\/artfromthecrypt.com\/wp-content\/uploads\/2023\/10\/100Rap_Hardcore-gris-chine-front.jpg","width":1104,"height":1191},{"@type":"BreadcrumbList","@id":"https:\/\/artfromthecrypt.com\/index.php\/product\/rap-hardcore-independant-hiphop-blanc-chine\/#breadcrumb","itemListElement":[{"@type":"ListItem","position":1,"name":"Accueil","item":"https:\/\/artfromthecrypt.com\/"},{"@type":"ListItem","position":2,"name":"Boutique","item":"https:\/\/artfromthecrypt.com\/index.php\/boutique-2\/"},{"@type":"ListItem","position":3,"name":"100% Rap Hardcore 100% Ind\u00e9pendant 100% HipHop &#8211; Blanc (chin\u00e9)"}]},{"@type":"WebSite","@id":"https:\/\/artfromthecrypt.com\/#website","url":"https:\/\/artfromthecrypt.com\/","name":"Art From The Crypt","description":"HipHop &amp; Geek Artwork - Art\/Textiles Geek &amp; HipHop","publisher":{"@id":"https:\/\/artfromthecrypt.com\/#organization"},"potentialAction":[{"@type":"SearchAction","target":{"@type":"EntryPoint","urlTemplate":"https:\/\/artfromthecrypt.com\/?s={search_term_string}"},"query-input":{"@type":"PropertyValueSpecification","valueRequired":true,"valueName":"search_term_string"}}],"inLanguage":"fr-FR"},{"@type":"Organization","@id":"https:\/\/artfromthecrypt.com\/#organization","name":"Art From The Crypt","url":"https:\/\/artfromthecrypt.com\/","logo":{"@type":"ImageObject","inLanguage":"fr-FR","@id":"https:\/\/artfromthecrypt.com\/#\/schema\/logo\/image\/","url":"https:\/\/artfromthecrypt.com\/wp-content\/uploads\/2024\/06\/cropped-Logo_HipHop-1.png","contentUrl":"https:\/\/artfromthecrypt.com\/wp-content\/uploads\/2024\/06\/cropped-Logo_HipHop-1.png","width":5877,"height":5948,"caption":"Art From The Crypt"},"image":{"@id":"https:\/\/artfromthecrypt.com\/#\/schema\/logo\/image\/"}}]}},"uagb_featured_image_src":{"full":["https:\/\/artfromthecrypt.com\/wp-content\/uploads\/2023\/10\/100Rap_Hardcore-gris-chine-front.jpg",1104,1191,false],"thumbnail":["https:\/\/artfromthecrypt.com\/wp-content\/uploads\/2023\/10\/100Rap_Hardcore-gris-chine-front-150x150.jpg",150,150,true],"medium":["https:\/\/artfromthecrypt.com\/wp-content\/uploads\/2023\/10\/100Rap_Hardcore-gris-chine-front-278x300.jpg",278,300,true],"medium_large":["https:\/\/artfromthecrypt.com\/wp-content\/uploads\/2023\/10\/100Rap_Hardcore-gris-chine-front-768x829.jpg",768,829,true],"large":["https:\/\/artfromthecrypt.com\/wp-content\/uploads\/2023\/10\/100Rap_Hardcore-gris-chine-front-949x1024.jpg",949,1024,true],"1536x1536":["https:\/\/artfromthecrypt.com\/wp-content\/uploads\/2023\/10\/100Rap_Hardcore-gris-chine-front.jpg",1104,1191,false],"2048x2048":["https:\/\/artfromthecrypt.com\/wp-content\/uploads\/2023\/10\/100Rap_Hardcore-gris-chine-front.jpg",1104,1191,false],"ocean-thumb-m":["https:\/\/artfromthecrypt.com\/wp-content\/uploads\/2023\/10\/100Rap_Hardcore-gris-chine-front-600x600.jpg",600,600,true],"ocean-thumb-ml":["https:\/\/artfromthecrypt.com\/wp-content\/uploads\/2023\/10\/100Rap_Hardcore-gris-chine-front-800x450.jpg",800,450,true],"ocean-thumb-l":["https:\/\/artfromthecrypt.com\/wp-content\/uploads\/2023\/10\/100Rap_Hardcore-gris-chine-front-1104x700.jpg",1104,700,true],"woocommerce_thumbnail":["https:\/\/artfromthecrypt.com\/wp-content\/uploads\/2023\/10\/100Rap_Hardcore-gris-chine-front-300x300.jpg",300,300,true],"woocommerce_single":["https:\/\/artfromthecrypt.com\/wp-content\/uploads\/2023\/10\/100Rap_Hardcore-gris-chine-front-600x647.jpg",600,647,true],"woocommerce_gallery_thumbnail":["https:\/\/artfromthecrypt.com\/wp-content\/uploads\/2023\/10\/100Rap_Hardcore-gris-chine-front-100x100.jpg",100,100,true]},"uagb_author_info":{"display_name":"artfromthecrypt.com","author_link":"https:\/\/artfromthecrypt.com\/index.php\/author\/"},"uagb_comment_info":0,"uagb_excerpt":"Choose Your Weapon - HipHop Mod - Noir Composition: Jersey 190g - 100% coton semi-peign\u00e9 Ringspun. Grammage : 185g\/m\u00b2","_links":{"self":[{"href":"https:\/\/artfromthecrypt.com\/index.php\/wp-json\/wp\/v2\/product\/1689","targetHints":{"allow":["GET"]}}],"collection":[{"href":"https:\/\/artfromthecrypt.com\/index.php\/wp-json\/wp\/v2\/product"}],"about":[{"href":"https:\/\/artfromthecrypt.com\/index.php\/wp-json\/wp\/v2\/types\/product"}],"version-history":[{"count":4,"href":"https:\/\/artfromthecrypt.com\/index.php\/wp-json\/wp\/v2\/product\/1689\/revisions"}],"predecessor-version":[{"id":1941,"href":"https:\/\/artfromthecrypt.com\/index.php\/wp-json\/wp\/v2\/product\/1689\/revisions\/1941"}],"wp:featuredmedia":[{"embeddable":true,"href":"https:\/\/artfromthecrypt.com\/index.php\/wp-json\/wp\/v2\/media\/1694"}],"wp:attachment":[{"href":"https:\/\/artfromthecrypt.com\/index.php\/wp-json\/wp\/v2\/media?parent=1689"}],"wp:term":[{"taxonomy":"product_brand","embeddable":true,"href":"https:\/\/artfromthecrypt.com\/index.php\/wp-json\/wp\/v2\/product_brand?post=1689"},{"taxonomy":"product_cat","embeddable":true,"href":"https:\/\/artfromthecrypt.com\/index.php\/wp-json\/wp\/v2\/product_cat?post=1689"},{"taxonomy":"product_tag","embeddable":true,"href":"https:\/\/artfromthecrypt.com\/index.php\/wp-json\/wp\/v2\/product_tag?post=1689"}],"curies":[{"name":"wp","href":"https:\/\/api.w.org\/{rel}","templated":true}]}}