{"id":1882,"date":"2023-10-12T11:09:11","date_gmt":"2023-10-12T09:09:11","guid":{"rendered":"https:\/\/artfromthecrypt.com\/?post_type=product&#038;p=1882"},"modified":"2025-05-25T18:51:56","modified_gmt":"2025-05-25T16:51:56","slug":"choose-your-weapon-hiphop-mod-t-shirt-femme-noir","status":"publish","type":"product","link":"https:\/\/artfromthecrypt.com\/index.php\/product\/choose-your-weapon-hiphop-mod-t-shirt-femme-noir\/","title":{"rendered":"Choose Your Weapon &#8211; HipHop Mod &#8211; T-Shirt &#8211; Femme &#8211; Noir"},"content":{"rendered":"<p>En mode HipHop! Choose your Weapon&#8230;<\/p>\n<p>T-Shirt de qualit\u00e9, il est dot\u00e9 d&rsquo;un col renforc\u00e9 avec bord\u00a0 en coton\/Lycra\u00ae et double piq\u00fbre, il est con\u00e7u pour \u00eatre \u00e0 la fois confortable et r\u00e9sistant. Il taille ni trop grand ni trop petit( voir le guide des tailles).<\/p>\n<p>Grammage et composition du T-Shirt :<\/p>\n<p>100% coton peign\u00e9 Ringspun.<\/p>\n<p>Grammage : 195g\/m\u00b2<\/p>\n<p><img decoding=\"async\" class=\"alignnone wp-image-1466\" src=\"http:\/\/artfromthecrypt.com\/wp-content\/uploads\/2023\/08\/1_OEKO-TEX_100.jpg\" alt=\"\" width=\"89\" height=\"89\" \/><img decoding=\"async\" class=\"alignnone wp-image-1857\" src=\"http:\/\/artfromthecrypt.com\/wp-content\/uploads\/2023\/10\/WRAP.png\" alt=\"\" width=\"168\" height=\"71\" \/><\/p>\n<p><img decoding=\"async\" class=\"alignnone size-medium wp-image-1866\" src=\"http:\/\/artfromthecrypt.com\/wp-content\/uploads\/2023\/10\/Taille_femme-300x151.jpg\" alt=\"\" width=\"300\" height=\"151\" srcset=\"https:\/\/artfromthecrypt.com\/wp-content\/uploads\/2023\/10\/Taille_femme-300x151.jpg 300w, https:\/\/artfromthecrypt.com\/wp-content\/uploads\/2023\/10\/Taille_femme-600x303.jpg 600w, https:\/\/artfromthecrypt.com\/wp-content\/uploads\/2023\/10\/Taille_femme.jpg 668w\" sizes=\"(max-width: 300px) 100vw, 300px\" \/><\/p>\n","protected":false},"excerpt":{"rendered":"<p>100% Rap Hardcore 100% Ind\u00e9pendant 100% HipHop &#8211; T-Shirt &#8211; Femme &#8211; Noir<\/p>\n<ul>\n<li>100% coton peign\u00e9 Ringspun<\/li>\n<li>Grammage : 195g\/m\u00b2<\/li>\n<\/ul>\n","protected":false},"featured_media":1856,"template":"","meta":{"_uag_custom_page_level_css":"","ocean_post_layout":"","ocean_both_sidebars_style":"","ocean_both_sidebars_content_width":0,"ocean_both_sidebars_sidebars_width":0,"ocean_sidebar":"0","ocean_second_sidebar":"0","ocean_disable_margins":"enable","ocean_add_body_class":"","ocean_shortcode_before_top_bar":"","ocean_shortcode_after_top_bar":"","ocean_shortcode_before_header":"","ocean_shortcode_after_header":"","ocean_has_shortcode":"","ocean_shortcode_after_title":"","ocean_shortcode_before_footer_widgets":"","ocean_shortcode_after_footer_widgets":"","ocean_shortcode_before_footer_bottom":"","ocean_shortcode_after_footer_bottom":"","ocean_display_top_bar":"default","ocean_display_header":"default","ocean_header_style":"","ocean_center_header_left_menu":"0","ocean_custom_header_template":"0","ocean_custom_logo":0,"ocean_custom_retina_logo":0,"ocean_custom_logo_max_width":0,"ocean_custom_logo_tablet_max_width":0,"ocean_custom_logo_mobile_max_width":0,"ocean_custom_logo_max_height":0,"ocean_custom_logo_tablet_max_height":0,"ocean_custom_logo_mobile_max_height":0,"ocean_header_custom_menu":"0","ocean_menu_typo_font_family":"0","ocean_menu_typo_font_subset":"","ocean_menu_typo_font_size":0,"ocean_menu_typo_font_size_tablet":0,"ocean_menu_typo_font_size_mobile":0,"ocean_menu_typo_font_size_unit":"px","ocean_menu_typo_font_weight":"","ocean_menu_typo_font_weight_tablet":"","ocean_menu_typo_font_weight_mobile":"","ocean_menu_typo_transform":"","ocean_menu_typo_transform_tablet":"","ocean_menu_typo_transform_mobile":"","ocean_menu_typo_line_height":0,"ocean_menu_typo_line_height_tablet":0,"ocean_menu_typo_line_height_mobile":0,"ocean_menu_typo_line_height_unit":"","ocean_menu_typo_spacing":0,"ocean_menu_typo_spacing_tablet":0,"ocean_menu_typo_spacing_mobile":0,"ocean_menu_typo_spacing_unit":"","ocean_menu_link_color":"","ocean_menu_link_color_hover":"","ocean_menu_link_color_active":"","ocean_menu_link_background":"","ocean_menu_link_hover_background":"","ocean_menu_link_active_background":"","ocean_menu_social_links_bg":"","ocean_menu_social_hover_links_bg":"","ocean_menu_social_links_color":"","ocean_menu_social_hover_links_color":"","ocean_disable_title":"default","ocean_disable_heading":"default","ocean_post_title":"","ocean_post_subheading":"","ocean_post_title_style":"","ocean_post_title_background_color":"","ocean_post_title_background":0,"ocean_post_title_bg_image_position":"","ocean_post_title_bg_image_attachment":"","ocean_post_title_bg_image_repeat":"","ocean_post_title_bg_image_size":"","ocean_post_title_height":0,"ocean_post_title_bg_overlay":0.5,"ocean_post_title_bg_overlay_color":"","ocean_disable_breadcrumbs":"default","ocean_breadcrumbs_color":"","ocean_breadcrumbs_separator_color":"","ocean_breadcrumbs_links_color":"","ocean_breadcrumbs_links_hover_color":"","ocean_display_footer_widgets":"default","ocean_display_footer_bottom":"default","ocean_custom_footer_template":"0","ofc_meta_disable_footer_callout":"","ofc_meta_callout_button_url":"","ofc_meta_callout_button_txt":"","ofc_meta_callout_text":"","ofc_enable_fullscreen":"disable","ofc_fullscreen_speed":0,"ofc_fullscreen_nav":"enable","ofc_fullscreen_nav_pos":"right","ofc_fullscreen_nav_color":"","ofc_fullscreen_nav_tooltip_color":"","ofc_fullscreen_responsive":0,"osp_disable_panel":"default","osh_disable_topbar_sticky":"default","osh_disable_header_sticky":"default","osh_sticky_header_style":"default","osh_sticky_header_effect":"","osh_custom_sticky_logo":0,"osh_custom_retina_sticky_logo":0,"osh_custom_sticky_logo_height":0,"osh_background_color":"","osh_links_color":"","osh_links_hover_color":"","osh_links_active_color":"","osh_links_bg_color":"","osh_links_hover_bg_color":"","osh_links_active_bg_color":"","osh_menu_social_links_color":"","osh_menu_social_hover_links_color":"","_themeisle_gutenberg_block_has_review":false},"product_brand":[],"product_cat":[56,37],"product_tag":[],"class_list":{"0":"post-1882","1":"product","2":"type-product","3":"status-publish","4":"has-post-thumbnail","6":"product_cat-hiphop","7":"product_cat-textiles","9":"entry","10":"has-media","12":"first","13":"instock","14":"shipping-taxable","15":"purchasable","16":"product-type-variable","17":"has-default-attributes","18":"has-product-nav","19":"col","20":"span_1_of_3","21":"owp-content-center","22":"owp-thumbs-layout-horizontal","23":"owp-btn-normal","24":"owp-tabs-layout-horizontal"},"yoast_head":"<!-- This site is optimized with the Yoast SEO plugin v27.1.1 - https:\/\/yoast.com\/product\/yoast-seo-wordpress\/ -->\n<title>Choose Your Weapon - HipHop Mod - T-Shirt - Femme - Noir - Art From The Crypt<\/title>\n<meta name=\"description\" content=\"En mode HipHop! Choose your Weapon... T-Shirt de qualit\u00e9, il est dot\u00e9 d&#039;un col renforc\u00e9 avec bord\u00a0 en coton\/Lycra\u00ae et double piq\u00fbre, il est con\u00e7u pour \u00eatre \u00e0 la fois confortable et r\u00e9sistant. Il taille ni trop grand ni trop petit( voit le guide des tailles).Grammage et composition du T-Shirt :100% coton peign\u00e9 Ringspun.Grammage : 195g\/m\u00b2\" \/>\n<meta name=\"robots\" content=\"index, follow, max-snippet:-1, max-image-preview:large, max-video-preview:-1\" \/>\n<link rel=\"canonical\" href=\"https:\/\/artfromthecrypt.com\/index.php\/product\/choose-your-weapon-hiphop-mod-t-shirt-femme-noir\/\" \/>\n<meta property=\"og:locale\" content=\"fr_FR\" \/>\n<meta property=\"og:type\" content=\"article\" \/>\n<meta property=\"og:title\" content=\"Choose Your Weapon - HipHop Mod - T-Shirt - Femme - Noir - Art From The Crypt\" \/>\n<meta property=\"og:description\" content=\"En mode HipHop! Choose your Weapon... T-Shirt de qualit\u00e9, il est dot\u00e9 d&#039;un col renforc\u00e9 avec bord\u00a0 en coton\/Lycra\u00ae et double piq\u00fbre, il est con\u00e7u pour \u00eatre \u00e0 la fois confortable et r\u00e9sistant. Il taille ni trop grand ni trop petit( voit le guide des tailles).Grammage et composition du T-Shirt :100% coton peign\u00e9 Ringspun.Grammage : 195g\/m\u00b2\" \/>\n<meta property=\"og:url\" content=\"https:\/\/artfromthecrypt.com\/index.php\/product\/choose-your-weapon-hiphop-mod-t-shirt-femme-noir\/\" \/>\n<meta property=\"og:site_name\" content=\"Art From The Crypt\" \/>\n<meta property=\"article:modified_time\" content=\"2025-05-25T16:51:56+00:00\" \/>\n<meta property=\"og:image\" content=\"http:\/\/artfromthecrypt.com\/wp-content\/uploads\/2023\/10\/CYW-W-Noir-front.jpg\" \/>\n\t<meta property=\"og:image:width\" content=\"1120\" \/>\n\t<meta property=\"og:image:height\" content=\"1424\" \/>\n\t<meta property=\"og:image:type\" content=\"image\/jpeg\" \/>\n<meta name=\"twitter:card\" content=\"summary_large_image\" \/>\n<meta name=\"twitter:label1\" content=\"Dur\u00e9e de lecture estim\u00e9e\" \/>\n\t<meta name=\"twitter:data1\" content=\"2 minutes\" \/>\n<script type=\"application\/ld+json\" class=\"yoast-schema-graph\">{\"@context\":\"https:\/\/schema.org\",\"@graph\":[{\"@type\":\"WebPage\",\"@id\":\"https:\/\/artfromthecrypt.com\/index.php\/product\/choose-your-weapon-hiphop-mod-t-shirt-femme-noir\/\",\"url\":\"https:\/\/artfromthecrypt.com\/index.php\/product\/choose-your-weapon-hiphop-mod-t-shirt-femme-noir\/\",\"name\":\"Choose Your Weapon - HipHop Mod - T-Shirt - Femme - Noir - Art From The Crypt\",\"isPartOf\":{\"@id\":\"https:\/\/artfromthecrypt.com\/#website\"},\"primaryImageOfPage\":{\"@id\":\"https:\/\/artfromthecrypt.com\/index.php\/product\/choose-your-weapon-hiphop-mod-t-shirt-femme-noir\/#primaryimage\"},\"image\":{\"@id\":\"https:\/\/artfromthecrypt.com\/index.php\/product\/choose-your-weapon-hiphop-mod-t-shirt-femme-noir\/#primaryimage\"},\"thumbnailUrl\":\"https:\/\/artfromthecrypt.com\/wp-content\/uploads\/2023\/10\/CYW-W-Noir-front.jpg\",\"datePublished\":\"2023-10-12T09:09:11+00:00\",\"dateModified\":\"2025-05-25T16:51:56+00:00\",\"description\":\"En mode HipHop! Choose your Weapon... T-Shirt de qualit\u00e9, il est dot\u00e9 d'un col renforc\u00e9 avec bord\u00a0 en coton\/Lycra\u00ae et double piq\u00fbre, il est con\u00e7u pour \u00eatre \u00e0 la fois confortable et r\u00e9sistant. Il taille ni trop grand ni trop petit( voit le guide des tailles).Grammage et composition du T-Shirt :100% coton peign\u00e9 Ringspun.Grammage : 195g\/m\u00b2\",\"breadcrumb\":{\"@id\":\"https:\/\/artfromthecrypt.com\/index.php\/product\/choose-your-weapon-hiphop-mod-t-shirt-femme-noir\/#breadcrumb\"},\"inLanguage\":\"fr-FR\",\"potentialAction\":[{\"@type\":\"ReadAction\",\"target\":[\"https:\/\/artfromthecrypt.com\/index.php\/product\/choose-your-weapon-hiphop-mod-t-shirt-femme-noir\/\"]}]},{\"@type\":\"ImageObject\",\"inLanguage\":\"fr-FR\",\"@id\":\"https:\/\/artfromthecrypt.com\/index.php\/product\/choose-your-weapon-hiphop-mod-t-shirt-femme-noir\/#primaryimage\",\"url\":\"https:\/\/artfromthecrypt.com\/wp-content\/uploads\/2023\/10\/CYW-W-Noir-front.jpg\",\"contentUrl\":\"https:\/\/artfromthecrypt.com\/wp-content\/uploads\/2023\/10\/CYW-W-Noir-front.jpg\",\"width\":1120,\"height\":1424},{\"@type\":\"BreadcrumbList\",\"@id\":\"https:\/\/artfromthecrypt.com\/index.php\/product\/choose-your-weapon-hiphop-mod-t-shirt-femme-noir\/#breadcrumb\",\"itemListElement\":[{\"@type\":\"ListItem\",\"position\":1,\"name\":\"Accueil\",\"item\":\"https:\/\/artfromthecrypt.com\/\"},{\"@type\":\"ListItem\",\"position\":2,\"name\":\"Boutique\",\"item\":\"https:\/\/artfromthecrypt.com\/index.php\/boutique-2\/\"},{\"@type\":\"ListItem\",\"position\":3,\"name\":\"Choose Your Weapon &#8211; HipHop Mod &#8211; T-Shirt &#8211; Femme &#8211; Noir\"}]},{\"@type\":\"WebSite\",\"@id\":\"https:\/\/artfromthecrypt.com\/#website\",\"url\":\"https:\/\/artfromthecrypt.com\/\",\"name\":\"Art From The Crypt\",\"description\":\"HipHop &amp; Geek Artwork - Art\/Textiles Geek &amp; HipHop\",\"publisher\":{\"@id\":\"https:\/\/artfromthecrypt.com\/#organization\"},\"potentialAction\":[{\"@type\":\"SearchAction\",\"target\":{\"@type\":\"EntryPoint\",\"urlTemplate\":\"https:\/\/artfromthecrypt.com\/?s={search_term_string}\"},\"query-input\":{\"@type\":\"PropertyValueSpecification\",\"valueRequired\":true,\"valueName\":\"search_term_string\"}}],\"inLanguage\":\"fr-FR\"},{\"@type\":\"Organization\",\"@id\":\"https:\/\/artfromthecrypt.com\/#organization\",\"name\":\"Art From The Crypt\",\"url\":\"https:\/\/artfromthecrypt.com\/\",\"logo\":{\"@type\":\"ImageObject\",\"inLanguage\":\"fr-FR\",\"@id\":\"https:\/\/artfromthecrypt.com\/#\/schema\/logo\/image\/\",\"url\":\"https:\/\/artfromthecrypt.com\/wp-content\/uploads\/2024\/06\/cropped-Logo_HipHop-1.png\",\"contentUrl\":\"https:\/\/artfromthecrypt.com\/wp-content\/uploads\/2024\/06\/cropped-Logo_HipHop-1.png\",\"width\":5877,\"height\":5948,\"caption\":\"Art From The Crypt\"},\"image\":{\"@id\":\"https:\/\/artfromthecrypt.com\/#\/schema\/logo\/image\/\"}}]}<\/script>\n<!-- \/ Yoast SEO plugin. -->","yoast_head_json":{"title":"Choose Your Weapon - HipHop Mod - T-Shirt - Femme - Noir - Art From The Crypt","description":"En mode HipHop! Choose your Weapon... T-Shirt de qualit\u00e9, il est dot\u00e9 d'un col renforc\u00e9 avec bord\u00a0 en coton\/Lycra\u00ae et double piq\u00fbre, il est con\u00e7u pour \u00eatre \u00e0 la fois confortable et r\u00e9sistant. Il taille ni trop grand ni trop petit( voit le guide des tailles).Grammage et composition du T-Shirt :100% coton peign\u00e9 Ringspun.Grammage : 195g\/m\u00b2","robots":{"index":"index","follow":"follow","max-snippet":"max-snippet:-1","max-image-preview":"max-image-preview:large","max-video-preview":"max-video-preview:-1"},"canonical":"https:\/\/artfromthecrypt.com\/index.php\/product\/choose-your-weapon-hiphop-mod-t-shirt-femme-noir\/","og_locale":"fr_FR","og_type":"article","og_title":"Choose Your Weapon - HipHop Mod - T-Shirt - Femme - Noir - Art From The Crypt","og_description":"En mode HipHop! Choose your Weapon... T-Shirt de qualit\u00e9, il est dot\u00e9 d'un col renforc\u00e9 avec bord\u00a0 en coton\/Lycra\u00ae et double piq\u00fbre, il est con\u00e7u pour \u00eatre \u00e0 la fois confortable et r\u00e9sistant. Il taille ni trop grand ni trop petit( voit le guide des tailles).Grammage et composition du T-Shirt :100% coton peign\u00e9 Ringspun.Grammage : 195g\/m\u00b2","og_url":"https:\/\/artfromthecrypt.com\/index.php\/product\/choose-your-weapon-hiphop-mod-t-shirt-femme-noir\/","og_site_name":"Art From The Crypt","article_modified_time":"2025-05-25T16:51:56+00:00","og_image":[{"width":1120,"height":1424,"url":"http:\/\/artfromthecrypt.com\/wp-content\/uploads\/2023\/10\/CYW-W-Noir-front.jpg","type":"image\/jpeg"}],"twitter_card":"summary_large_image","twitter_misc":{"Dur\u00e9e de lecture estim\u00e9e":"2 minutes"},"schema":{"@context":"https:\/\/schema.org","@graph":[{"@type":"WebPage","@id":"https:\/\/artfromthecrypt.com\/index.php\/product\/choose-your-weapon-hiphop-mod-t-shirt-femme-noir\/","url":"https:\/\/artfromthecrypt.com\/index.php\/product\/choose-your-weapon-hiphop-mod-t-shirt-femme-noir\/","name":"Choose Your Weapon - HipHop Mod - T-Shirt - Femme - Noir - Art From The Crypt","isPartOf":{"@id":"https:\/\/artfromthecrypt.com\/#website"},"primaryImageOfPage":{"@id":"https:\/\/artfromthecrypt.com\/index.php\/product\/choose-your-weapon-hiphop-mod-t-shirt-femme-noir\/#primaryimage"},"image":{"@id":"https:\/\/artfromthecrypt.com\/index.php\/product\/choose-your-weapon-hiphop-mod-t-shirt-femme-noir\/#primaryimage"},"thumbnailUrl":"https:\/\/artfromthecrypt.com\/wp-content\/uploads\/2023\/10\/CYW-W-Noir-front.jpg","datePublished":"2023-10-12T09:09:11+00:00","dateModified":"2025-05-25T16:51:56+00:00","description":"En mode HipHop! Choose your Weapon... T-Shirt de qualit\u00e9, il est dot\u00e9 d'un col renforc\u00e9 avec bord\u00a0 en coton\/Lycra\u00ae et double piq\u00fbre, il est con\u00e7u pour \u00eatre \u00e0 la fois confortable et r\u00e9sistant. Il taille ni trop grand ni trop petit( voit le guide des tailles).Grammage et composition du T-Shirt :100% coton peign\u00e9 Ringspun.Grammage : 195g\/m\u00b2","breadcrumb":{"@id":"https:\/\/artfromthecrypt.com\/index.php\/product\/choose-your-weapon-hiphop-mod-t-shirt-femme-noir\/#breadcrumb"},"inLanguage":"fr-FR","potentialAction":[{"@type":"ReadAction","target":["https:\/\/artfromthecrypt.com\/index.php\/product\/choose-your-weapon-hiphop-mod-t-shirt-femme-noir\/"]}]},{"@type":"ImageObject","inLanguage":"fr-FR","@id":"https:\/\/artfromthecrypt.com\/index.php\/product\/choose-your-weapon-hiphop-mod-t-shirt-femme-noir\/#primaryimage","url":"https:\/\/artfromthecrypt.com\/wp-content\/uploads\/2023\/10\/CYW-W-Noir-front.jpg","contentUrl":"https:\/\/artfromthecrypt.com\/wp-content\/uploads\/2023\/10\/CYW-W-Noir-front.jpg","width":1120,"height":1424},{"@type":"BreadcrumbList","@id":"https:\/\/artfromthecrypt.com\/index.php\/product\/choose-your-weapon-hiphop-mod-t-shirt-femme-noir\/#breadcrumb","itemListElement":[{"@type":"ListItem","position":1,"name":"Accueil","item":"https:\/\/artfromthecrypt.com\/"},{"@type":"ListItem","position":2,"name":"Boutique","item":"https:\/\/artfromthecrypt.com\/index.php\/boutique-2\/"},{"@type":"ListItem","position":3,"name":"Choose Your Weapon &#8211; HipHop Mod &#8211; T-Shirt &#8211; Femme &#8211; Noir"}]},{"@type":"WebSite","@id":"https:\/\/artfromthecrypt.com\/#website","url":"https:\/\/artfromthecrypt.com\/","name":"Art From The Crypt","description":"HipHop &amp; Geek Artwork - Art\/Textiles Geek &amp; HipHop","publisher":{"@id":"https:\/\/artfromthecrypt.com\/#organization"},"potentialAction":[{"@type":"SearchAction","target":{"@type":"EntryPoint","urlTemplate":"https:\/\/artfromthecrypt.com\/?s={search_term_string}"},"query-input":{"@type":"PropertyValueSpecification","valueRequired":true,"valueName":"search_term_string"}}],"inLanguage":"fr-FR"},{"@type":"Organization","@id":"https:\/\/artfromthecrypt.com\/#organization","name":"Art From The Crypt","url":"https:\/\/artfromthecrypt.com\/","logo":{"@type":"ImageObject","inLanguage":"fr-FR","@id":"https:\/\/artfromthecrypt.com\/#\/schema\/logo\/image\/","url":"https:\/\/artfromthecrypt.com\/wp-content\/uploads\/2024\/06\/cropped-Logo_HipHop-1.png","contentUrl":"https:\/\/artfromthecrypt.com\/wp-content\/uploads\/2024\/06\/cropped-Logo_HipHop-1.png","width":5877,"height":5948,"caption":"Art From The Crypt"},"image":{"@id":"https:\/\/artfromthecrypt.com\/#\/schema\/logo\/image\/"}}]}},"uagb_featured_image_src":{"full":["https:\/\/artfromthecrypt.com\/wp-content\/uploads\/2023\/10\/CYW-W-Noir-front.jpg",1120,1424,false],"thumbnail":["https:\/\/artfromthecrypt.com\/wp-content\/uploads\/2023\/10\/CYW-W-Noir-front-150x150.jpg",150,150,true],"medium":["https:\/\/artfromthecrypt.com\/wp-content\/uploads\/2023\/10\/CYW-W-Noir-front-236x300.jpg",236,300,true],"medium_large":["https:\/\/artfromthecrypt.com\/wp-content\/uploads\/2023\/10\/CYW-W-Noir-front-768x976.jpg",768,976,true],"large":["https:\/\/artfromthecrypt.com\/wp-content\/uploads\/2023\/10\/CYW-W-Noir-front-805x1024.jpg",805,1024,true],"1536x1536":["https:\/\/artfromthecrypt.com\/wp-content\/uploads\/2023\/10\/CYW-W-Noir-front.jpg",1120,1424,false],"2048x2048":["https:\/\/artfromthecrypt.com\/wp-content\/uploads\/2023\/10\/CYW-W-Noir-front.jpg",1120,1424,false],"ocean-thumb-m":["https:\/\/artfromthecrypt.com\/wp-content\/uploads\/2023\/10\/CYW-W-Noir-front-600x600.jpg",600,600,true],"ocean-thumb-ml":["https:\/\/artfromthecrypt.com\/wp-content\/uploads\/2023\/10\/CYW-W-Noir-front-800x450.jpg",800,450,true],"ocean-thumb-l":["https:\/\/artfromthecrypt.com\/wp-content\/uploads\/2023\/10\/CYW-W-Noir-front-1120x700.jpg",1120,700,true],"woocommerce_thumbnail":["https:\/\/artfromthecrypt.com\/wp-content\/uploads\/2023\/10\/CYW-W-Noir-front-300x300.jpg",300,300,true],"woocommerce_single":["https:\/\/artfromthecrypt.com\/wp-content\/uploads\/2023\/10\/CYW-W-Noir-front-600x763.jpg",600,763,true],"woocommerce_gallery_thumbnail":["https:\/\/artfromthecrypt.com\/wp-content\/uploads\/2023\/10\/CYW-W-Noir-front-100x100.jpg",100,100,true]},"uagb_author_info":{"display_name":"artfromthecrypt.com","author_link":"https:\/\/artfromthecrypt.com\/index.php\/author\/"},"uagb_comment_info":0,"uagb_excerpt":"100% Rap Hardcore 100% Ind\u00e9pendant 100% HipHop - T-Shirt - Femme - Noir 100% coton peign\u00e9 Ringspun Grammage : 195g\/m\u00b2","_links":{"self":[{"href":"https:\/\/artfromthecrypt.com\/index.php\/wp-json\/wp\/v2\/product\/1882","targetHints":{"allow":["GET"]}}],"collection":[{"href":"https:\/\/artfromthecrypt.com\/index.php\/wp-json\/wp\/v2\/product"}],"about":[{"href":"https:\/\/artfromthecrypt.com\/index.php\/wp-json\/wp\/v2\/types\/product"}],"version-history":[{"count":3,"href":"https:\/\/artfromthecrypt.com\/index.php\/wp-json\/wp\/v2\/product\/1882\/revisions"}],"predecessor-version":[{"id":1935,"href":"https:\/\/artfromthecrypt.com\/index.php\/wp-json\/wp\/v2\/product\/1882\/revisions\/1935"}],"wp:featuredmedia":[{"embeddable":true,"href":"https:\/\/artfromthecrypt.com\/index.php\/wp-json\/wp\/v2\/media\/1856"}],"wp:attachment":[{"href":"https:\/\/artfromthecrypt.com\/index.php\/wp-json\/wp\/v2\/media?parent=1882"}],"wp:term":[{"taxonomy":"product_brand","embeddable":true,"href":"https:\/\/artfromthecrypt.com\/index.php\/wp-json\/wp\/v2\/product_brand?post=1882"},{"taxonomy":"product_cat","embeddable":true,"href":"https:\/\/artfromthecrypt.com\/index.php\/wp-json\/wp\/v2\/product_cat?post=1882"},{"taxonomy":"product_tag","embeddable":true,"href":"https:\/\/artfromthecrypt.com\/index.php\/wp-json\/wp\/v2\/product_tag?post=1882"}],"curies":[{"name":"wp","href":"https:\/\/api.w.org\/{rel}","templated":true}]}}