{"id":2223,"date":"2024-07-10T16:11:44","date_gmt":"2024-07-10T14:11:44","guid":{"rendered":"https:\/\/artfromthecrypt.com\/?post_type=product&#038;p=2223"},"modified":"2025-05-25T18:45:36","modified_gmt":"2025-05-25T16:45:36","slug":"choose-your-weapon-tmnt-version-t-shirt-noir","status":"publish","type":"product","link":"https:\/\/artfromthecrypt.com\/index.php\/product\/choose-your-weapon-tmnt-version-t-shirt-noir\/","title":{"rendered":"Choose Your Weapon &#8211; TMNT version &#8211; T-Shirt &#8211; Noir"},"content":{"rendered":"<p>Choose Your Weapon &#8211; <span class=\"ReferentFragmentdesktop__Highlight-sc-110r0d9-1 jAzSMw\">Teenage Mutant Ninja Turtles<\/span><\/p>\n<p>Turtle power!!!<\/p>\n<p>T-Shirt de qualit\u00e9, il est dot\u00e9 d&rsquo;un col renforc\u00e9 avec un bord c\u00f4te en \u00e9lasthanne, il est con\u00e7u pour \u00eatre \u00e0 la fois confortable et r\u00e9sistant. Il taille ni trop grand ni trop petit( voir le guide des tailles).<\/p>\n<p>Grammage et composition du T-Shirt :<\/p>\n<p>Jersey 190g &#8211; 100% coton semi-peign\u00e9 Ringspun.<\/p>\n<p>Grammage : 185g\/m\u00b2<\/p>\n<p><img decoding=\"async\" class=\"alignnone wp-image-1467\" src=\"http:\/\/artfromthecrypt.com\/wp-content\/uploads\/2023\/08\/2_Fair_Wear.jpg\" alt=\"\" width=\"97\" height=\"97\" \/><img decoding=\"async\" class=\"alignnone wp-image-1465\" src=\"http:\/\/artfromthecrypt.com\/wp-content\/uploads\/2023\/08\/3_PETA.jpg\" alt=\"\" width=\"91\" height=\"91\" \/> <img decoding=\"async\" class=\"alignnone wp-image-1466\" src=\"http:\/\/artfromthecrypt.com\/wp-content\/uploads\/2023\/08\/1_OEKO-TEX_100.jpg\" alt=\"\" width=\"89\" height=\"89\" \/><\/p>\n<p><img loading=\"lazy\" decoding=\"async\" class=\"alignnone wp-image-1473\" src=\"http:\/\/artfromthecrypt.com\/wp-content\/uploads\/2023\/08\/Capture-300x149.jpg\" alt=\"\" width=\"658\" height=\"327\" srcset=\"https:\/\/artfromthecrypt.com\/wp-content\/uploads\/2023\/08\/Capture-300x149.jpg 300w, https:\/\/artfromthecrypt.com\/wp-content\/uploads\/2023\/08\/Capture-1024x508.jpg 1024w, https:\/\/artfromthecrypt.com\/wp-content\/uploads\/2023\/08\/Capture-768x381.jpg 768w, https:\/\/artfromthecrypt.com\/wp-content\/uploads\/2023\/08\/Capture-1536x762.jpg 1536w, https:\/\/artfromthecrypt.com\/wp-content\/uploads\/2023\/08\/Capture-600x298.jpg 600w, https:\/\/artfromthecrypt.com\/wp-content\/uploads\/2023\/08\/Capture.jpg 1606w\" sizes=\"(max-width: 658px) 100vw, 658px\" \/><\/p>\n","protected":false},"excerpt":{"rendered":"<p>Choose Your Weapon &#8211; <span class=\"ReferentFragmentdesktop__Highlight-sc-110r0d9-1 jAzSMw\">Teenage Mutant Ninja Turtles<\/span><\/p>\n<ul>\n<li>Composition: Jersey 190g &#8211; 100% coton semi-peign\u00e9 Ringspun.<\/li>\n<li>Grammage : 185g\/m\u00b2<\/li>\n<\/ul>\n","protected":false},"featured_media":2229,"template":"","meta":{"_uag_custom_page_level_css":"","ocean_post_layout":"","ocean_both_sidebars_style":"","ocean_both_sidebars_content_width":0,"ocean_both_sidebars_sidebars_width":0,"ocean_sidebar":"0","ocean_second_sidebar":"0","ocean_disable_margins":"enable","ocean_add_body_class":"","ocean_shortcode_before_top_bar":"","ocean_shortcode_after_top_bar":"","ocean_shortcode_before_header":"","ocean_shortcode_after_header":"","ocean_has_shortcode":"","ocean_shortcode_after_title":"","ocean_shortcode_before_footer_widgets":"","ocean_shortcode_after_footer_widgets":"","ocean_shortcode_before_footer_bottom":"","ocean_shortcode_after_footer_bottom":"","ocean_display_top_bar":"default","ocean_display_header":"default","ocean_header_style":"","ocean_center_header_left_menu":"0","ocean_custom_header_template":"0","ocean_custom_logo":0,"ocean_custom_retina_logo":0,"ocean_custom_logo_max_width":0,"ocean_custom_logo_tablet_max_width":0,"ocean_custom_logo_mobile_max_width":0,"ocean_custom_logo_max_height":0,"ocean_custom_logo_tablet_max_height":0,"ocean_custom_logo_mobile_max_height":0,"ocean_header_custom_menu":"0","ocean_menu_typo_font_family":"0","ocean_menu_typo_font_subset":"","ocean_menu_typo_font_size":0,"ocean_menu_typo_font_size_tablet":0,"ocean_menu_typo_font_size_mobile":0,"ocean_menu_typo_font_size_unit":"px","ocean_menu_typo_font_weight":"","ocean_menu_typo_font_weight_tablet":"","ocean_menu_typo_font_weight_mobile":"","ocean_menu_typo_transform":"","ocean_menu_typo_transform_tablet":"","ocean_menu_typo_transform_mobile":"","ocean_menu_typo_line_height":0,"ocean_menu_typo_line_height_tablet":0,"ocean_menu_typo_line_height_mobile":0,"ocean_menu_typo_line_height_unit":"","ocean_menu_typo_spacing":0,"ocean_menu_typo_spacing_tablet":0,"ocean_menu_typo_spacing_mobile":0,"ocean_menu_typo_spacing_unit":"","ocean_menu_link_color":"","ocean_menu_link_color_hover":"","ocean_menu_link_color_active":"","ocean_menu_link_background":"","ocean_menu_link_hover_background":"","ocean_menu_link_active_background":"","ocean_menu_social_links_bg":"","ocean_menu_social_hover_links_bg":"","ocean_menu_social_links_color":"","ocean_menu_social_hover_links_color":"","ocean_disable_title":"default","ocean_disable_heading":"default","ocean_post_title":"","ocean_post_subheading":"","ocean_post_title_style":"","ocean_post_title_background_color":"","ocean_post_title_background":0,"ocean_post_title_bg_image_position":"","ocean_post_title_bg_image_attachment":"","ocean_post_title_bg_image_repeat":"","ocean_post_title_bg_image_size":"","ocean_post_title_height":0,"ocean_post_title_bg_overlay":0.5,"ocean_post_title_bg_overlay_color":"","ocean_disable_breadcrumbs":"default","ocean_breadcrumbs_color":"","ocean_breadcrumbs_separator_color":"","ocean_breadcrumbs_links_color":"","ocean_breadcrumbs_links_hover_color":"","ocean_display_footer_widgets":"default","ocean_display_footer_bottom":"default","ocean_custom_footer_template":"0","ofc_meta_disable_footer_callout":"","ofc_meta_callout_button_url":"","ofc_meta_callout_button_txt":"","ofc_meta_callout_text":"","ofc_enable_fullscreen":"disable","ofc_fullscreen_speed":0,"ofc_fullscreen_nav":"enable","ofc_fullscreen_nav_pos":"right","ofc_fullscreen_nav_color":"","ofc_fullscreen_nav_tooltip_color":"","ofc_fullscreen_responsive":0,"osp_disable_panel":"default","osh_disable_topbar_sticky":"default","osh_disable_header_sticky":"default","osh_sticky_header_style":"default","osh_sticky_header_effect":"","osh_custom_sticky_logo":0,"osh_custom_retina_sticky_logo":0,"osh_custom_sticky_logo_height":0,"osh_background_color":"","osh_links_color":"","osh_links_hover_color":"","osh_links_active_color":"","osh_links_bg_color":"","osh_links_hover_bg_color":"","osh_links_active_bg_color":"","osh_menu_social_links_color":"","osh_menu_social_hover_links_color":"","_themeisle_gutenberg_block_has_review":false},"product_brand":[],"product_cat":[55,37],"product_tag":[],"class_list":{"0":"post-2223","1":"product","2":"type-product","3":"status-publish","4":"has-post-thumbnail","6":"product_cat-geek","7":"product_cat-textiles","9":"entry","10":"has-media","12":"first","13":"instock","14":"shipping-taxable","15":"purchasable","16":"product-type-variable","17":"has-default-attributes","18":"has-product-nav","19":"col","20":"span_1_of_3","21":"owp-content-center","22":"owp-thumbs-layout-horizontal","23":"owp-btn-normal","24":"owp-tabs-layout-horizontal"},"yoast_head":"<!-- This site is optimized with the Yoast SEO plugin v27.5 - https:\/\/yoast.com\/product\/yoast-seo-wordpress\/ -->\n<title>Choose Your Weapon - TMNT version - T-Shirt - Noir - Art From The Crypt<\/title>\n<meta name=\"description\" content=\"Hail to the King Baby!!! Gloire aux rois Ash &amp; Duke!!! T-Shirt de qualit\u00e9, il est dot\u00e9 d&#039;un col renforc\u00e9 avec un bord c\u00f4te en \u00e9lasthanne, il est con\u00e7u pour \u00eatre \u00e0 la fois confortable et r\u00e9sistant. Il taille ni trop grand ni trop petit( voit le guide des tailles).Grammage et composition du T-Shirt :Jersey 190g - 100% coton semi-peign\u00e9 Ringspun.Grammage : 185g\/\" \/>\n<meta name=\"robots\" content=\"index, follow, max-snippet:-1, max-image-preview:large, max-video-preview:-1\" \/>\n<link rel=\"canonical\" href=\"https:\/\/artfromthecrypt.com\/index.php\/product\/choose-your-weapon-tmnt-version-t-shirt-noir\/\" \/>\n<meta property=\"og:locale\" content=\"fr_FR\" \/>\n<meta property=\"og:type\" content=\"article\" \/>\n<meta property=\"og:title\" content=\"Choose Your Weapon - TMNT version - T-Shirt - Noir - Art From The Crypt\" \/>\n<meta property=\"og:description\" content=\"Hail to the King Baby!!! Gloire aux rois Ash &amp; Duke!!! T-Shirt de qualit\u00e9, il est dot\u00e9 d&#039;un col renforc\u00e9 avec un bord c\u00f4te en \u00e9lasthanne, il est con\u00e7u pour \u00eatre \u00e0 la fois confortable et r\u00e9sistant. Il taille ni trop grand ni trop petit( voit le guide des tailles).Grammage et composition du T-Shirt :Jersey 190g - 100% coton semi-peign\u00e9 Ringspun.Grammage : 185g\/\" \/>\n<meta property=\"og:url\" content=\"https:\/\/artfromthecrypt.com\/index.php\/product\/choose-your-weapon-tmnt-version-t-shirt-noir\/\" \/>\n<meta property=\"og:site_name\" content=\"Art From The Crypt\" \/>\n<meta property=\"article:modified_time\" content=\"2025-05-25T16:45:36+00:00\" \/>\n<meta property=\"og:image\" content=\"http:\/\/artfromthecrypt.com\/wp-content\/uploads\/2024\/07\/ChooseYourWeaponTMNT-Noir-front.jpg\" \/>\n\t<meta property=\"og:image:width\" content=\"1070\" \/>\n\t<meta property=\"og:image:height\" content=\"1170\" \/>\n\t<meta property=\"og:image:type\" content=\"image\/jpeg\" \/>\n<meta name=\"twitter:card\" content=\"summary_large_image\" \/>\n<meta name=\"twitter:label1\" content=\"Dur\u00e9e de lecture estim\u00e9e\" \/>\n\t<meta name=\"twitter:data1\" content=\"2 minutes\" \/>\n<script type=\"application\/ld+json\" class=\"yoast-schema-graph\">{\"@context\":\"https:\\\/\\\/schema.org\",\"@graph\":[{\"@type\":\"WebPage\",\"@id\":\"https:\\\/\\\/artfromthecrypt.com\\\/index.php\\\/product\\\/choose-your-weapon-tmnt-version-t-shirt-noir\\\/\",\"url\":\"https:\\\/\\\/artfromthecrypt.com\\\/index.php\\\/product\\\/choose-your-weapon-tmnt-version-t-shirt-noir\\\/\",\"name\":\"Choose Your Weapon - TMNT version - T-Shirt - Noir - Art From The Crypt\",\"isPartOf\":{\"@id\":\"https:\\\/\\\/artfromthecrypt.com\\\/#website\"},\"primaryImageOfPage\":{\"@id\":\"https:\\\/\\\/artfromthecrypt.com\\\/index.php\\\/product\\\/choose-your-weapon-tmnt-version-t-shirt-noir\\\/#primaryimage\"},\"image\":{\"@id\":\"https:\\\/\\\/artfromthecrypt.com\\\/index.php\\\/product\\\/choose-your-weapon-tmnt-version-t-shirt-noir\\\/#primaryimage\"},\"thumbnailUrl\":\"https:\\\/\\\/artfromthecrypt.com\\\/wp-content\\\/uploads\\\/2024\\\/07\\\/ChooseYourWeaponTMNT-Noir-front.jpg\",\"datePublished\":\"2024-07-10T14:11:44+00:00\",\"dateModified\":\"2025-05-25T16:45:36+00:00\",\"description\":\"Hail to the King Baby!!! Gloire aux rois Ash & Duke!!! T-Shirt de qualit\u00e9, il est dot\u00e9 d'un col renforc\u00e9 avec un bord c\u00f4te en \u00e9lasthanne, il est con\u00e7u pour \u00eatre \u00e0 la fois confortable et r\u00e9sistant. Il taille ni trop grand ni trop petit( voit le guide des tailles).Grammage et composition du T-Shirt :Jersey 190g - 100% coton semi-peign\u00e9 Ringspun.Grammage : 185g\\\/\",\"breadcrumb\":{\"@id\":\"https:\\\/\\\/artfromthecrypt.com\\\/index.php\\\/product\\\/choose-your-weapon-tmnt-version-t-shirt-noir\\\/#breadcrumb\"},\"inLanguage\":\"fr-FR\",\"potentialAction\":[{\"@type\":\"ReadAction\",\"target\":[\"https:\\\/\\\/artfromthecrypt.com\\\/index.php\\\/product\\\/choose-your-weapon-tmnt-version-t-shirt-noir\\\/\"]}]},{\"@type\":\"ImageObject\",\"inLanguage\":\"fr-FR\",\"@id\":\"https:\\\/\\\/artfromthecrypt.com\\\/index.php\\\/product\\\/choose-your-weapon-tmnt-version-t-shirt-noir\\\/#primaryimage\",\"url\":\"https:\\\/\\\/artfromthecrypt.com\\\/wp-content\\\/uploads\\\/2024\\\/07\\\/ChooseYourWeaponTMNT-Noir-front.jpg\",\"contentUrl\":\"https:\\\/\\\/artfromthecrypt.com\\\/wp-content\\\/uploads\\\/2024\\\/07\\\/ChooseYourWeaponTMNT-Noir-front.jpg\",\"width\":1070,\"height\":1170},{\"@type\":\"BreadcrumbList\",\"@id\":\"https:\\\/\\\/artfromthecrypt.com\\\/index.php\\\/product\\\/choose-your-weapon-tmnt-version-t-shirt-noir\\\/#breadcrumb\",\"itemListElement\":[{\"@type\":\"ListItem\",\"position\":1,\"name\":\"Accueil\",\"item\":\"https:\\\/\\\/artfromthecrypt.com\\\/\"},{\"@type\":\"ListItem\",\"position\":2,\"name\":\"Boutique\",\"item\":\"https:\\\/\\\/artfromthecrypt.com\\\/index.php\\\/boutique-2\\\/\"},{\"@type\":\"ListItem\",\"position\":3,\"name\":\"Choose Your Weapon &#8211; TMNT version &#8211; T-Shirt &#8211; Noir\"}]},{\"@type\":\"WebSite\",\"@id\":\"https:\\\/\\\/artfromthecrypt.com\\\/#website\",\"url\":\"https:\\\/\\\/artfromthecrypt.com\\\/\",\"name\":\"Art From The Crypt\",\"description\":\"HipHop &amp; Geek Artwork - Art\\\/Textiles Geek &amp; HipHop\",\"publisher\":{\"@id\":\"https:\\\/\\\/artfromthecrypt.com\\\/#organization\"},\"potentialAction\":[{\"@type\":\"SearchAction\",\"target\":{\"@type\":\"EntryPoint\",\"urlTemplate\":\"https:\\\/\\\/artfromthecrypt.com\\\/?s={search_term_string}\"},\"query-input\":{\"@type\":\"PropertyValueSpecification\",\"valueRequired\":true,\"valueName\":\"search_term_string\"}}],\"inLanguage\":\"fr-FR\"},{\"@type\":\"Organization\",\"@id\":\"https:\\\/\\\/artfromthecrypt.com\\\/#organization\",\"name\":\"Art From The Crypt\",\"url\":\"https:\\\/\\\/artfromthecrypt.com\\\/\",\"logo\":{\"@type\":\"ImageObject\",\"inLanguage\":\"fr-FR\",\"@id\":\"https:\\\/\\\/artfromthecrypt.com\\\/#\\\/schema\\\/logo\\\/image\\\/\",\"url\":\"https:\\\/\\\/artfromthecrypt.com\\\/wp-content\\\/uploads\\\/2024\\\/06\\\/cropped-Logo_HipHop-1.png\",\"contentUrl\":\"https:\\\/\\\/artfromthecrypt.com\\\/wp-content\\\/uploads\\\/2024\\\/06\\\/cropped-Logo_HipHop-1.png\",\"width\":5877,\"height\":5948,\"caption\":\"Art From The Crypt\"},\"image\":{\"@id\":\"https:\\\/\\\/artfromthecrypt.com\\\/#\\\/schema\\\/logo\\\/image\\\/\"}}]}<\/script>\n<!-- \/ Yoast SEO plugin. -->","yoast_head_json":{"title":"Choose Your Weapon - TMNT version - T-Shirt - Noir - Art From The Crypt","description":"Hail to the King Baby!!! Gloire aux rois Ash & Duke!!! T-Shirt de qualit\u00e9, il est dot\u00e9 d'un col renforc\u00e9 avec un bord c\u00f4te en \u00e9lasthanne, il est con\u00e7u pour \u00eatre \u00e0 la fois confortable et r\u00e9sistant. Il taille ni trop grand ni trop petit( voit le guide des tailles).Grammage et composition du T-Shirt :Jersey 190g - 100% coton semi-peign\u00e9 Ringspun.Grammage : 185g\/","robots":{"index":"index","follow":"follow","max-snippet":"max-snippet:-1","max-image-preview":"max-image-preview:large","max-video-preview":"max-video-preview:-1"},"canonical":"https:\/\/artfromthecrypt.com\/index.php\/product\/choose-your-weapon-tmnt-version-t-shirt-noir\/","og_locale":"fr_FR","og_type":"article","og_title":"Choose Your Weapon - TMNT version - T-Shirt - Noir - Art From The Crypt","og_description":"Hail to the King Baby!!! Gloire aux rois Ash & Duke!!! T-Shirt de qualit\u00e9, il est dot\u00e9 d'un col renforc\u00e9 avec un bord c\u00f4te en \u00e9lasthanne, il est con\u00e7u pour \u00eatre \u00e0 la fois confortable et r\u00e9sistant. Il taille ni trop grand ni trop petit( voit le guide des tailles).Grammage et composition du T-Shirt :Jersey 190g - 100% coton semi-peign\u00e9 Ringspun.Grammage : 185g\/","og_url":"https:\/\/artfromthecrypt.com\/index.php\/product\/choose-your-weapon-tmnt-version-t-shirt-noir\/","og_site_name":"Art From The Crypt","article_modified_time":"2025-05-25T16:45:36+00:00","og_image":[{"width":1070,"height":1170,"url":"http:\/\/artfromthecrypt.com\/wp-content\/uploads\/2024\/07\/ChooseYourWeaponTMNT-Noir-front.jpg","type":"image\/jpeg"}],"twitter_card":"summary_large_image","twitter_misc":{"Dur\u00e9e de lecture estim\u00e9e":"2 minutes"},"schema":{"@context":"https:\/\/schema.org","@graph":[{"@type":"WebPage","@id":"https:\/\/artfromthecrypt.com\/index.php\/product\/choose-your-weapon-tmnt-version-t-shirt-noir\/","url":"https:\/\/artfromthecrypt.com\/index.php\/product\/choose-your-weapon-tmnt-version-t-shirt-noir\/","name":"Choose Your Weapon - TMNT version - T-Shirt - Noir - Art From The Crypt","isPartOf":{"@id":"https:\/\/artfromthecrypt.com\/#website"},"primaryImageOfPage":{"@id":"https:\/\/artfromthecrypt.com\/index.php\/product\/choose-your-weapon-tmnt-version-t-shirt-noir\/#primaryimage"},"image":{"@id":"https:\/\/artfromthecrypt.com\/index.php\/product\/choose-your-weapon-tmnt-version-t-shirt-noir\/#primaryimage"},"thumbnailUrl":"https:\/\/artfromthecrypt.com\/wp-content\/uploads\/2024\/07\/ChooseYourWeaponTMNT-Noir-front.jpg","datePublished":"2024-07-10T14:11:44+00:00","dateModified":"2025-05-25T16:45:36+00:00","description":"Hail to the King Baby!!! Gloire aux rois Ash & Duke!!! T-Shirt de qualit\u00e9, il est dot\u00e9 d'un col renforc\u00e9 avec un bord c\u00f4te en \u00e9lasthanne, il est con\u00e7u pour \u00eatre \u00e0 la fois confortable et r\u00e9sistant. Il taille ni trop grand ni trop petit( voit le guide des tailles).Grammage et composition du T-Shirt :Jersey 190g - 100% coton semi-peign\u00e9 Ringspun.Grammage : 185g\/","breadcrumb":{"@id":"https:\/\/artfromthecrypt.com\/index.php\/product\/choose-your-weapon-tmnt-version-t-shirt-noir\/#breadcrumb"},"inLanguage":"fr-FR","potentialAction":[{"@type":"ReadAction","target":["https:\/\/artfromthecrypt.com\/index.php\/product\/choose-your-weapon-tmnt-version-t-shirt-noir\/"]}]},{"@type":"ImageObject","inLanguage":"fr-FR","@id":"https:\/\/artfromthecrypt.com\/index.php\/product\/choose-your-weapon-tmnt-version-t-shirt-noir\/#primaryimage","url":"https:\/\/artfromthecrypt.com\/wp-content\/uploads\/2024\/07\/ChooseYourWeaponTMNT-Noir-front.jpg","contentUrl":"https:\/\/artfromthecrypt.com\/wp-content\/uploads\/2024\/07\/ChooseYourWeaponTMNT-Noir-front.jpg","width":1070,"height":1170},{"@type":"BreadcrumbList","@id":"https:\/\/artfromthecrypt.com\/index.php\/product\/choose-your-weapon-tmnt-version-t-shirt-noir\/#breadcrumb","itemListElement":[{"@type":"ListItem","position":1,"name":"Accueil","item":"https:\/\/artfromthecrypt.com\/"},{"@type":"ListItem","position":2,"name":"Boutique","item":"https:\/\/artfromthecrypt.com\/index.php\/boutique-2\/"},{"@type":"ListItem","position":3,"name":"Choose Your Weapon &#8211; TMNT version &#8211; T-Shirt &#8211; Noir"}]},{"@type":"WebSite","@id":"https:\/\/artfromthecrypt.com\/#website","url":"https:\/\/artfromthecrypt.com\/","name":"Art From The Crypt","description":"HipHop &amp; Geek Artwork - Art\/Textiles Geek &amp; HipHop","publisher":{"@id":"https:\/\/artfromthecrypt.com\/#organization"},"potentialAction":[{"@type":"SearchAction","target":{"@type":"EntryPoint","urlTemplate":"https:\/\/artfromthecrypt.com\/?s={search_term_string}"},"query-input":{"@type":"PropertyValueSpecification","valueRequired":true,"valueName":"search_term_string"}}],"inLanguage":"fr-FR"},{"@type":"Organization","@id":"https:\/\/artfromthecrypt.com\/#organization","name":"Art From The Crypt","url":"https:\/\/artfromthecrypt.com\/","logo":{"@type":"ImageObject","inLanguage":"fr-FR","@id":"https:\/\/artfromthecrypt.com\/#\/schema\/logo\/image\/","url":"https:\/\/artfromthecrypt.com\/wp-content\/uploads\/2024\/06\/cropped-Logo_HipHop-1.png","contentUrl":"https:\/\/artfromthecrypt.com\/wp-content\/uploads\/2024\/06\/cropped-Logo_HipHop-1.png","width":5877,"height":5948,"caption":"Art From The Crypt"},"image":{"@id":"https:\/\/artfromthecrypt.com\/#\/schema\/logo\/image\/"}}]}},"uagb_featured_image_src":{"full":["https:\/\/artfromthecrypt.com\/wp-content\/uploads\/2024\/07\/ChooseYourWeaponTMNT-Noir-front.jpg",1070,1170,false],"thumbnail":["https:\/\/artfromthecrypt.com\/wp-content\/uploads\/2024\/07\/ChooseYourWeaponTMNT-Noir-front-150x150.jpg",150,150,true],"medium":["https:\/\/artfromthecrypt.com\/wp-content\/uploads\/2024\/07\/ChooseYourWeaponTMNT-Noir-front-274x300.jpg",274,300,true],"medium_large":["https:\/\/artfromthecrypt.com\/wp-content\/uploads\/2024\/07\/ChooseYourWeaponTMNT-Noir-front-768x840.jpg",768,840,true],"large":["https:\/\/artfromthecrypt.com\/wp-content\/uploads\/2024\/07\/ChooseYourWeaponTMNT-Noir-front-936x1024.jpg",936,1024,true],"1536x1536":["https:\/\/artfromthecrypt.com\/wp-content\/uploads\/2024\/07\/ChooseYourWeaponTMNT-Noir-front.jpg",1070,1170,false],"2048x2048":["https:\/\/artfromthecrypt.com\/wp-content\/uploads\/2024\/07\/ChooseYourWeaponTMNT-Noir-front.jpg",1070,1170,false],"ocean-thumb-m":["https:\/\/artfromthecrypt.com\/wp-content\/uploads\/2024\/07\/ChooseYourWeaponTMNT-Noir-front-600x600.jpg",600,600,true],"ocean-thumb-ml":["https:\/\/artfromthecrypt.com\/wp-content\/uploads\/2024\/07\/ChooseYourWeaponTMNT-Noir-front-800x450.jpg",800,450,true],"ocean-thumb-l":["https:\/\/artfromthecrypt.com\/wp-content\/uploads\/2024\/07\/ChooseYourWeaponTMNT-Noir-front-1070x700.jpg",1070,700,true],"woocommerce_thumbnail":["https:\/\/artfromthecrypt.com\/wp-content\/uploads\/2024\/07\/ChooseYourWeaponTMNT-Noir-front-300x300.jpg",300,300,true],"woocommerce_single":["https:\/\/artfromthecrypt.com\/wp-content\/uploads\/2024\/07\/ChooseYourWeaponTMNT-Noir-front-600x656.jpg",600,656,true],"woocommerce_gallery_thumbnail":["https:\/\/artfromthecrypt.com\/wp-content\/uploads\/2024\/07\/ChooseYourWeaponTMNT-Noir-front-100x100.jpg",100,100,true]},"uagb_author_info":{"display_name":"artfromthecrypt.com","author_link":"https:\/\/artfromthecrypt.com\/index.php\/author\/"},"uagb_comment_info":0,"uagb_excerpt":"Choose Your Weapon - Teenage Mutant Ninja Turtles Composition: Jersey 190g - 100% coton semi-peign\u00e9 Ringspun. Grammage : 185g\/m\u00b2","_links":{"self":[{"href":"https:\/\/artfromthecrypt.com\/index.php\/wp-json\/wp\/v2\/product\/2223","targetHints":{"allow":["GET"]}}],"collection":[{"href":"https:\/\/artfromthecrypt.com\/index.php\/wp-json\/wp\/v2\/product"}],"about":[{"href":"https:\/\/artfromthecrypt.com\/index.php\/wp-json\/wp\/v2\/types\/product"}],"version-history":[{"count":2,"href":"https:\/\/artfromthecrypt.com\/index.php\/wp-json\/wp\/v2\/product\/2223\/revisions"}],"predecessor-version":[{"id":2246,"href":"https:\/\/artfromthecrypt.com\/index.php\/wp-json\/wp\/v2\/product\/2223\/revisions\/2246"}],"wp:featuredmedia":[{"embeddable":true,"href":"https:\/\/artfromthecrypt.com\/index.php\/wp-json\/wp\/v2\/media\/2229"}],"wp:attachment":[{"href":"https:\/\/artfromthecrypt.com\/index.php\/wp-json\/wp\/v2\/media?parent=2223"}],"wp:term":[{"taxonomy":"product_brand","embeddable":true,"href":"https:\/\/artfromthecrypt.com\/index.php\/wp-json\/wp\/v2\/product_brand?post=2223"},{"taxonomy":"product_cat","embeddable":true,"href":"https:\/\/artfromthecrypt.com\/index.php\/wp-json\/wp\/v2\/product_cat?post=2223"},{"taxonomy":"product_tag","embeddable":true,"href":"https:\/\/artfromthecrypt.com\/index.php\/wp-json\/wp\/v2\/product_tag?post=2223"}],"curies":[{"name":"wp","href":"https:\/\/api.w.org\/{rel}","templated":true}]}}